{"id":2067,"date":"2020-10-31T14:36:01","date_gmt":"2020-10-31T06:36:01","guid":{"rendered":"http:\/\/tsinghualogic.net\/JRC\/?page_id=2067"},"modified":"2021-06-23T13:42:30","modified_gmt":"2021-06-23T05:42:30","slug":"practical-information","status":"publish","type":"page","link":"http:\/\/tsinghualogic.net\/JRC\/practical-information\/","title":{"rendered":"PRACTICAL INFORMATION"},"content":{"rendered":"\n<p>\u27a4 <strong>Invited talks<\/strong> and <strong>short presentations of posters<\/strong>&nbsp;will be on <span class=\"has-inline-color has-black-color\"><a href=\"https:\/\/zoom.com.cn\/j\/93078565357?pwd=VVJGdkdwL2liUllDVGcvd0hTdEJuQT09\" data-type=\"URL\" data-id=\"https:\/\/zoom.com.cn\/j\/93078565357?pwd=VVJGdkdwL2liUllDVGcvd0hTdEJuQT09\" target=\"_blank\" rel=\"noreferrer noopener\">Zoom<\/a><\/span>. Please find the Zoom information below:<\/p>\n\n\n\n<p>\u2022 Link: <a rel=\"noreferrer noopener\" href=\"https:\/\/zoom.com.cn\/j\/93078565357?pwd=VVJGdkdwL2liUllDVGcvd0hTdEJuQT09\" target=\"_blank\">https:\/\/zoom.com.cn\/j\/93078565357?pwd=VVJGdkdwL2liUllDVGcvd0hTdEJuQT09 <\/a>                                                                       <\/p>\n\n\n\n<p>\u2022 Topic: TARK2021<br>\u2022 Meeting ID: 930 7856 5357<br><\/p>\n\n\n\n<p>The link is the same for the entire conference.<\/p>\n\n\n\n<p>\u27a4 <strong>Poster sessions<\/strong> and <strong>social interaction<\/strong>&nbsp;will be on the platform<a href=\"https:\/\/gather.town\/i\/1Cr03FFM\" data-type=\"URL\" data-id=\"https:\/\/gather.town\/i\/1Cr03FFM\" target=\"_blank\" rel=\"noreferrer noopener\"> <span class=\"has-inline-color has-vivid-cyan-blue-color\">gather.town<\/span><\/a>. Link and some instructions about its usage are given below.<\/p>\n\n\n\n<p>\u2022 Link: https:\/\/gather.town\/i\/1Cr03FFM                                                                                                                                                                                          <\/p>\n\n\n\n<p>\u2022Instruction:  <a rel=\"noreferrer noopener\" href=\"https:\/\/www.dropbox.com\/s\/yr6mte4rd1whiw5\/instruction.pdf?dl=0\" data-type=\"URL\" data-id=\"https:\/\/www.dropbox.com\/s\/yr6mte4rd1whiw5\/instruction.pdf?dl=0\" target=\"_blank\">download<\/a>           <\/p>\n\n\n\n<p>\u27a4 &nbsp;The electronic version of all papers can be downloaded from the <em>PUBLICATION<\/em>  page.<\/p>\n\n\n\n<p>\u27a4 There will be 5 poster rooms in gather.town, and  the arrangement of posters in every room can be found below:<\/p>\n\n\n\n<figure class=\"wp-block-table alignleft is-style-stripes\"><table><tbody><tr><td class=\"has-text-align-left\" data-align=\"left\">Poster room 1<\/td><td><strong>Attainable Knowledge and Omniscience\u00a0<\/strong><br>(Pavel Naumov and Jia Tao)<br><br><strong>Deliberation and Epistemic Democracy<\/strong>\u00a0<br>(Huihui Ding and Marcus Pivato)<br><br><strong>Persuading Communicating Voters<\/strong>\u00a0<br>(Anastas Tenev and Toygar Kerman)<br><br><strong>Local Dominance<\/strong><br>(Emiliano Catonini and Jingyi Xue)<br><br><strong>\u00a0<strong>Knowledge from Probability<\/strong><\/strong><br>(Jeremy Goodman and Bernhard Salow)<br><br><strong>Epistemic Modality and Coordination under Uncertainty<\/strong>\u00a0<br>(Giorgio Sbardolini)<\/td><\/tr><tr><td class=\"has-text-align-left\" data-align=\"left\">Poster room 2    <\/td><td><strong>Are the Players in an Interactive Belief Model Meta-certain of the Model Itself?<\/strong>&nbsp;<br>(Satoshi Fukuda)<br><br><strong>Revisiting Epistemic Logic with Names<\/strong>&nbsp;<br>(Marta B\u00edlkov\u00e1, Zo\u00e9 Christoff and Olivier Roy)<br><br><strong>Algorithmic randomness, Bayesian convergence and merging<\/strong>&nbsp;<br>(Simon Huttegger, Sean Walsh and Francesca Zaffora Blando)<br><br><strong>Understanding Transfinite Elimination of Non-Best Replies<\/strong><br>(Stephan Jagau)<br><br><strong>Measuring Violations of Positive Involvement in Voting<\/strong><br>(Wesley Holliday and Eric Pacuit)<br><br><strong>Language-based Decisions<\/strong><br>(Adam Bjorndahl and Joseph Halpern)<\/td><\/tr><tr><td class=\"has-text-align-left\" data-align=\"left\">Poster room 3<\/td><td><strong>A Deontic Stit Logic Based on Beliefs and Expected Utility<\/strong><br>(Aldo Iv\u00e1n Ram\u00edrez Abarca and Jan Broersen)<br><br><strong>Fire!<\/strong><br>(Krisztina Fruzsa, Roman Kuznets and Ulrich Schmid)<br><br><strong>Dynamically Rational Judgment Aggregation<\/strong><br>(Franz Dietrich and Christian List)<br><br><strong>Communication Pattern Models: an Extension of Action Models for Dynamic-Network Distributed Systems<\/strong><br>(Diego A. Vel\u00e1zquez, Armando Casta\u00f1eda and David A. Rosenblueth)<br><br>&nbsp;<strong>Knowing how to plan<\/strong><br>(Yanjun Li and Yanjing Wang)<br><br><strong>Collective Argumentation: The Case of Aggregating Support-Relations of Bipolar Argumentation Frameworks<\/strong><br>(Weiwei Chen)<\/td><\/tr><tr><td class=\"has-text-align-left\" data-align=\"left\">Poster room 4<\/td><td><strong>Uncertainty-Based Semantics for Multi-Agent Knowing How Logics<\/strong><br>(Carlos Areces, Raul Fervari, Andr\u00e9s R. Saravia and Fernando R. Vel\u00e1zquez-Quesada)<br><br><strong>No Finite Model Property for Logics of Quantified Announcements<\/strong><br>(Hans van Ditmarsch, Tim French and Rustam Galimullin)<br><br><strong>Probabilistic stability and statistical learning<\/strong><br>(Krzysztof Mierzewski)<br><br><strong>Well-founded Extensive Games with Perfect Information<\/strong><br>(Krzysztof Apt and Sunil Simon)<br><br><strong>Game-Theoretic Models of Moral and Other-Regarding Agents<\/strong><br>(Gabriel Istrate)<br><br><strong>An Awareness Epistemic Framework for Belief, Argumentation and Their Dynamics<\/strong><br>(Alfredo Burrieza and Antonio Yuste-Ginel)<\/td><\/tr><tr><td class=\"has-text-align-left\" data-align=\"left\">Poster room 5<\/td><td><strong>Reasoning about Emergence of Collective Memory<\/strong><br>(R. Ramanujam)<br><br><strong>Belief Inducibility and Informativeness<\/strong><br>(P. Jean-Jacques Herings, Dominik Karos and Toygar Kerman)<br><br><strong>A Recursive Measure of Voting Power that Satisfies Reasonable Postulates<\/strong><br>(Arash Abizadeh and Adrian Vetta)<br><br><strong>Failures of Contingent Thinking<\/strong><br>(Evan Piermont and Peio Zuazo-Garin)<br><br><strong>De re updates<\/strong><br>(Michael Cohen, Wen Tang and Yanjing Wang)<\/td><\/tr><\/tbody><\/table><\/figure>\n\n\n\n<p>                                                                                                                                                                             <\/p>\n","protected":false},"excerpt":{"rendered":"<p>\u27a4 Invited talks and short presentations of posters&#038;nbsp [&hellip;]<\/p>\n","protected":false},"author":1,"featured_media":0,"parent":0,"menu_order":0,"comment_status":"closed","ping_status":"closed","template":"","meta":[],"_links":{"self":[{"href":"http:\/\/tsinghualogic.net\/JRC\/wp-json\/wp\/v2\/pages\/2067"}],"collection":[{"href":"http:\/\/tsinghualogic.net\/JRC\/wp-json\/wp\/v2\/pages"}],"about":[{"href":"http:\/\/tsinghualogic.net\/JRC\/wp-json\/wp\/v2\/types\/page"}],"author":[{"embeddable":true,"href":"http:\/\/tsinghualogic.net\/JRC\/wp-json\/wp\/v2\/users\/1"}],"replies":[{"embeddable":true,"href":"http:\/\/tsinghualogic.net\/JRC\/wp-json\/wp\/v2\/comments?post=2067"}],"version-history":[{"count":12,"href":"http:\/\/tsinghualogic.net\/JRC\/wp-json\/wp\/v2\/pages\/2067\/revisions"}],"predecessor-version":[{"id":3495,"href":"http:\/\/tsinghualogic.net\/JRC\/wp-json\/wp\/v2\/pages\/2067\/revisions\/3495"}],"wp:attachment":[{"href":"http:\/\/tsinghualogic.net\/JRC\/wp-json\/wp\/v2\/media?parent=2067"}],"curies":[{"name":"wp","href":"https:\/\/api.w.org\/{rel}","templated":true}]}}