{"id":6968,"date":"2024-01-17T16:33:32","date_gmt":"2024-01-17T08:33:32","guid":{"rendered":"http:\/\/tsinghualogic.net\/JRC\/?page_id=6968"},"modified":"2024-02-29T17:46:14","modified_gmt":"2024-02-29T09:46:14","slug":"toss2024cfp-2","status":"publish","type":"page","link":"http:\/\/tsinghualogic.net\/JRC\/toss\/toss2024cfp-2\/","title":{"rendered":"\u8bda\u9080\u53c2\u52a0\u7b2c\u56db\u5c4a\u6e05\u534e\u903b\u8f91\u5b66\u6691\u671f\u5b66\u6821\uff08\u65f6\u95f4\u8c03\u6574\uff09"},"content":{"rendered":"\t\t<div data-elementor-type=\"wp-page\" data-elementor-id=\"6968\" class=\"elementor elementor-6968\" data-elementor-settings=\"[]\">\n\t\t\t\t\t\t\t<div class=\"elementor-section-wrap\">\n\t\t\t\t\t\t\t<section class=\"elementor-section elementor-top-section elementor-element elementor-element-ca04602 elementor-section-boxed elementor-section-height-default elementor-section-height-default\" data-id=\"ca04602\" data-element_type=\"section\">\n\t\t\t\t\t\t<div class=\"elementor-container elementor-column-gap-default\">\n\t\t\t\t\t<div class=\"elementor-column elementor-col-100 elementor-top-column elementor-element elementor-element-bee5052\" data-id=\"bee5052\" data-element_type=\"column\">\n\t\t\t<div class=\"elementor-widget-wrap elementor-element-populated\">\n\t\t\t\t\t\t\t\t<div class=\"elementor-element elementor-element-daf745c elementor-align-left elementor-widget elementor-widget-button\" data-id=\"daf745c\" data-element_type=\"widget\" data-widget_type=\"button.default\">\n\t\t\t\t<div class=\"elementor-widget-container\">\n\t\t\t\t\t<div class=\"elementor-button-wrapper\">\n\t\t\t<a href=\"http:\/\/tsinghualogic.net\/JRC\/toss\/toss2024cfp\/\" class=\"elementor-button-link elementor-button elementor-size-xs elementor-animation-grow\" role=\"button\">\n\t\t\t\t\t\t<span class=\"elementor-button-content-wrapper\">\n\t\t\t\t\t\t<span class=\"elementor-button-icon elementor-align-icon-left\">\n\t\t\t\t<i aria-hidden=\"true\" class=\"fas fa-language\"><\/i>\t\t\t<\/span>\n\t\t\t\t\t\t<span class=\"elementor-button-text\">English<\/span>\n\t\t<\/span>\n\t\t\t\t\t<\/a>\n\t\t<\/div>\n\t\t\t\t<\/div>\n\t\t\t\t<\/div>\n\t\t\t\t\t<\/div>\n\t\t<\/div>\n\t\t\t\t\t\t\t<\/div>\n\t\t<\/section>\n\t\t\t\t<section class=\"elementor-section elementor-top-section elementor-element elementor-element-c12831d elementor-section-boxed elementor-section-height-default elementor-section-height-default\" data-id=\"c12831d\" data-element_type=\"section\">\n\t\t\t\t\t\t<div class=\"elementor-container elementor-column-gap-default\">\n\t\t\t\t\t<div class=\"elementor-column elementor-col-100 elementor-top-column elementor-element elementor-element-9013a6a\" data-id=\"9013a6a\" data-element_type=\"column\">\n\t\t\t<div class=\"elementor-widget-wrap elementor-element-populated\">\n\t\t\t\t\t\t\t\t<div class=\"elementor-element elementor-element-1bc5af5 elementor-widget elementor-widget-text-editor\" data-id=\"1bc5af5\" data-element_type=\"widget\" data-widget_type=\"text-editor.default\">\n\t\t\t\t<div class=\"elementor-widget-container\">\n\t\t\t<style>\/*! elementor - v3.5.6 - 28-02-2022 *\/\n.elementor-widget-text-editor.elementor-drop-cap-view-stacked .elementor-drop-cap{background-color:#818a91;color:#fff}.elementor-widget-text-editor.elementor-drop-cap-view-framed .elementor-drop-cap{color:#818a91;border:3px solid;background-color:transparent}.elementor-widget-text-editor:not(.elementor-drop-cap-view-default) .elementor-drop-cap{margin-top:8px}.elementor-widget-text-editor:not(.elementor-drop-cap-view-default) .elementor-drop-cap-letter{width:1em;height:1em}.elementor-widget-text-editor .elementor-drop-cap{float:left;text-align:center;line-height:1;font-size:50px}.elementor-widget-text-editor .elementor-drop-cap-letter{display:inline-block}<\/style>\t\t\t\t<p style=\"font-weight: 400;\">\u6e05\u534e\u5927\u5b66-\u963f\u59c6\u65af\u7279\u4e39\u5927\u5b66\u903b\u8f91\u5b66\u8054\u5408\u7814\u7a76\u4e2d\u5fc3\u4ece2021\u5e74\u5f00\u59cb\u4e3e\u529e\u903b\u8f91\u5b66\u6691\u671f\u5b66\u6821\uff0c\u9080\u8bf7\u77e5\u540d\u5b66\u8005\u6388\u8bfe\uff0c\u5411\u56fd\u5185\u5916\u672c\u79d1\u751f\u3001\u7814\u7a76\u751f\u548c\u9752\u5e74\u6559\u5e08\u5f00\u653e\u3002\u6691\u671f\u5b66\u6821\u65e8\u5728\u4e3a\u5e7f\u5927\u5b66\u5458\u63d0\u4f9b\u7cfb\u7edf\u5b66\u4e60\u903b\u8f91\u5b66\u3001\u4e86\u89e3\u903b\u8f91\u5b66\u9886\u57df\u6700\u65b0\u7814\u7a76\u8fdb\u5c55\u3001\u5f00\u5c55\u5b66\u672f\u4ea4\u6d41\u7684\u5e73\u53f0\uff0c\u8fdb\u4e00\u6b65\u63a8\u52a8\u903b\u8f91\u5b66\u77e5\u8bc6\u7684\u666e\u53ca\uff0c\u4fc3\u8fdb\u903b\u8f91\u5b66\u4e0e\u54f2\u5b66\u3001\u8ba1\u7b97\u673a\u79d1\u5b66\u3001\u8bed\u8a00\u5b66\u3001\u6570\u5b66\u548c\u8ba4\u77e5\u79d1\u5b66\u7b49\u5b66\u79d1\u7684\u4ea4\u53c9\u7814\u7a76\uff0c\u53d1\u5c55\u903b\u8f91\u5b66\u6559\u80b2\u4e8b\u4e1a\uff0c\u4e3a\u672a\u6765\u5b66\u672f\u7814\u7a76\u57f9\u517b\u540e\u5907\u4eba\u624d\u3002<\/p><p>\u7b2c\u56db\u5c4a\u6e05\u534e\u903b\u8f91\u5b66\u6691\u671f\u5b66\u6821<\/p><ul><li>\u65f6\u95f4\uff1a2024\u5e747\u67088\u65e5-12\u65e5<\/li><li>\u5730\u70b9\uff1a\u6e05\u534e\u5927\u5b66<\/li><li>\u5f62\u5f0f\uff1a\u7ebf\u4e0b\u6388\u8bfe<\/li><\/ul>\t\t\t\t\t\t<\/div>\n\t\t\t\t<\/div>\n\t\t\t\t\t<\/div>\n\t\t<\/div>\n\t\t\t\t\t\t\t<\/div>\n\t\t<\/section>\n\t\t\t\t<section class=\"elementor-section elementor-top-section elementor-element elementor-element-68f174d elementor-section-boxed elementor-section-height-default elementor-section-height-default\" data-id=\"68f174d\" data-element_type=\"section\">\n\t\t\t\t\t\t<div class=\"elementor-container elementor-column-gap-default\">\n\t\t\t\t\t<div class=\"elementor-column elementor-col-100 elementor-top-column elementor-element elementor-element-8450c0c\" data-id=\"8450c0c\" data-element_type=\"column\">\n\t\t\t<div class=\"elementor-widget-wrap elementor-element-populated\">\n\t\t\t\t\t\t\t\t<div class=\"elementor-element elementor-element-5066f26 elementor-widget elementor-widget-heading\" data-id=\"5066f26\" data-element_type=\"widget\" data-widget_type=\"heading.default\">\n\t\t\t\t<div class=\"elementor-widget-container\">\n\t\t\t<style>\/*! elementor - v3.5.6 - 28-02-2022 *\/\n.elementor-heading-title{padding:0;margin:0;line-height:1}.elementor-widget-heading .elementor-heading-title[class*=elementor-size-]>a{color:inherit;font-size:inherit;line-height:inherit}.elementor-widget-heading .elementor-heading-title.elementor-size-small{font-size:15px}.elementor-widget-heading .elementor-heading-title.elementor-size-medium{font-size:19px}.elementor-widget-heading .elementor-heading-title.elementor-size-large{font-size:29px}.elementor-widget-heading .elementor-heading-title.elementor-size-xl{font-size:39px}.elementor-widget-heading .elementor-heading-title.elementor-size-xxl{font-size:59px}<\/style><h4 class=\"elementor-heading-title elementor-size-default\">==\u8bfe\u7a0b==<\/h4>\t\t<\/div>\n\t\t\t\t<\/div>\n\t\t\t\t\t<\/div>\n\t\t<\/div>\n\t\t\t\t\t\t\t<\/div>\n\t\t<\/section>\n\t\t\t\t<section class=\"elementor-section elementor-top-section elementor-element elementor-element-9ff3eb3 elementor-section-boxed elementor-section-height-default elementor-section-height-default\" data-id=\"9ff3eb3\" data-element_type=\"section\">\n\t\t\t\t\t\t<div class=\"elementor-container elementor-column-gap-default\">\n\t\t\t\t\t<div class=\"elementor-column elementor-col-50 elementor-top-column elementor-element elementor-element-1d99513\" data-id=\"1d99513\" data-element_type=\"column\">\n\t\t\t<div class=\"elementor-widget-wrap elementor-element-populated\">\n\t\t\t\t\t\t\t\t<div class=\"elementor-element elementor-element-d857960 elementor-widget elementor-widget-toggle\" data-id=\"d857960\" data-element_type=\"widget\" data-widget_type=\"toggle.default\">\n\t\t\t\t<div class=\"elementor-widget-container\">\n\t\t\t<style>\/*! elementor - v3.5.6 - 28-02-2022 *\/\n.elementor-toggle{text-align:left}.elementor-toggle .elementor-tab-title{font-weight:700;line-height:1;margin:0;padding:15px;border-bottom:1px solid #d4d4d4;cursor:pointer;outline:none}.elementor-toggle .elementor-tab-title .elementor-toggle-icon{display:inline-block;width:1em}.elementor-toggle .elementor-tab-title .elementor-toggle-icon svg{-webkit-margin-start:-5px;margin-inline-start:-5px;width:1em;height:1em}.elementor-toggle .elementor-tab-title .elementor-toggle-icon.elementor-toggle-icon-right{float:right;text-align:right}.elementor-toggle .elementor-tab-title .elementor-toggle-icon.elementor-toggle-icon-left{float:left;text-align:left}.elementor-toggle .elementor-tab-title .elementor-toggle-icon .elementor-toggle-icon-closed{display:block}.elementor-toggle .elementor-tab-title .elementor-toggle-icon .elementor-toggle-icon-opened{display:none}.elementor-toggle .elementor-tab-title.elementor-active{border-bottom:none}.elementor-toggle .elementor-tab-title.elementor-active .elementor-toggle-icon-closed{display:none}.elementor-toggle .elementor-tab-title.elementor-active .elementor-toggle-icon-opened{display:block}.elementor-toggle .elementor-tab-content{padding:15px;border-bottom:1px solid #d4d4d4;display:none}@media (max-width:767px){.elementor-toggle .elementor-tab-title{padding:12px}.elementor-toggle .elementor-tab-content{padding:12px 10px}}<\/style>\t\t<div class=\"elementor-toggle\" role=\"tablist\">\n\t\t\t\t\t\t\t<div class=\"elementor-toggle-item\">\n\t\t\t\t\t<div id=\"elementor-tab-title-2261\" class=\"elementor-tab-title\" data-tab=\"1\" role=\"tab\" aria-controls=\"elementor-tab-content-2261\" aria-expanded=\"false\">\n\t\t\t\t\t\t\t\t\t\t\t\t<span class=\"elementor-toggle-icon elementor-toggle-icon-left\" aria-hidden=\"true\">\n\t\t\t\t\t\t\t\t\t\t\t\t\t\t\t<span class=\"elementor-toggle-icon-closed\"><i class=\"fas fa-caret-right\"><\/i><\/span>\n\t\t\t\t\t\t\t\t<span class=\"elementor-toggle-icon-opened\"><i class=\"elementor-toggle-icon-opened fas fa-caret-up\"><\/i><\/span>\n\t\t\t\t\t\t\t\t\t\t\t\t\t<\/span>\n\t\t\t\t\t\t\t\t\t\t\t\t<a href=\"\" class=\"elementor-toggle-title\">\u5c49\u8bed\u4e49\u5b66\uff1a\u8bed\u8a00\u5b66\u548c\u54f2\u5b66\u7684\u5e94\u7528<\/a>\n\t\t\t\t\t<\/div>\n\n\t\t\t\t\t<div id=\"elementor-tab-content-2261\" class=\"elementor-tab-content elementor-clearfix\" data-tab=\"1\" role=\"tabpanel\" aria-labelledby=\"elementor-tab-title-2261\"><p><b>\u6388\u8bfe\u6559\u5e08<\/b><span style=\"font-weight: 400;\">: <a href=\"https:\/\/www.marialoni.org\/\">Maria Aloni<\/a> (The University of Amsterdam)<\/span><\/p><p><strong>\u65f6\u95f4<\/strong>\uff1a7\u67088\u65e5-12\u65e5<\/p><p><b>\u6458\u8981<\/b>: In team semantics, formulas are interpreted with respect to a set of points of evaluation (a team) rather than single points. In the course we will present 3 examples of team-based logical systems: Bilateral State-based Modal Logic (Aloni 2022); Inquisitive Logic (Ciardelli, Groenendijk and Roelofsen 2019) and Dependence Logic (V\u00e4\u00e4n\u00e4nen 2007); and discuss their linguistic and philosophical applications, which include:<\/p><ul><li>Bilateral State-based Modal Logic: ignorance and free choice inference, epistemic modals and epistemic contradiction;<\/li><li>Inquisitive Logic: questions and attitude verbs;<\/li><li>Dependence Logic: exceptional scope of indefinites, marked indefinites cross-linguistically.<\/li><\/ul><\/div>\n\t\t\t\t<\/div>\n\t\t\t\t\t\t\t\t<\/div>\n\t\t\t\t<\/div>\n\t\t\t\t<\/div>\n\t\t\t\t\t<\/div>\n\t\t<\/div>\n\t\t\t\t<div class=\"elementor-column elementor-col-50 elementor-top-column elementor-element elementor-element-087de78\" data-id=\"087de78\" data-element_type=\"column\">\n\t\t\t<div class=\"elementor-widget-wrap elementor-element-populated\">\n\t\t\t\t\t\t\t\t<div class=\"elementor-element elementor-element-2a73743 elementor-widget elementor-widget-toggle\" data-id=\"2a73743\" data-element_type=\"widget\" data-widget_type=\"toggle.default\">\n\t\t\t\t<div class=\"elementor-widget-container\">\n\t\t\t\t\t<div class=\"elementor-toggle\" role=\"tablist\">\n\t\t\t\t\t\t\t<div class=\"elementor-toggle-item\">\n\t\t\t\t\t<div id=\"elementor-tab-title-4451\" class=\"elementor-tab-title\" data-tab=\"1\" role=\"tab\" aria-controls=\"elementor-tab-content-4451\" aria-expanded=\"false\">\n\t\t\t\t\t\t\t\t\t\t\t\t<span class=\"elementor-toggle-icon elementor-toggle-icon-left\" aria-hidden=\"true\">\n\t\t\t\t\t\t\t\t\t\t\t\t\t\t\t<span class=\"elementor-toggle-icon-closed\"><i class=\"fas fa-caret-right\"><\/i><\/span>\n\t\t\t\t\t\t\t\t<span class=\"elementor-toggle-icon-opened\"><i class=\"elementor-toggle-icon-opened fas fa-caret-up\"><\/i><\/span>\n\t\t\t\t\t\t\t\t\t\t\t\t\t<\/span>\n\t\t\t\t\t\t\t\t\t\t\t\t<a href=\"\" class=\"elementor-toggle-title\">\u6a21\u6001\u03bc\u6f14\u7b97<\/a>\n\t\t\t\t\t<\/div>\n\n\t\t\t\t\t<div id=\"elementor-tab-content-4451\" class=\"elementor-tab-content elementor-clearfix\" data-tab=\"1\" role=\"tabpanel\" aria-labelledby=\"elementor-tab-title-4451\"><p><b>\u6388\u8bfe\u6559\u5e08<\/b><span style=\"font-weight: 400;\">: <a href=\"https:\/\/staff.science.uva.nl\/y.venema\/\">Yde Venema<\/a>\u00a0(The University of Amsterdam)<\/span><\/p><p><strong>\u65f6\u95f4<\/strong>\uff1a7\u67088\u65e5-12\u65e5<\/p><p><b>\u6458\u8981<\/b>: The modal \u03bc-calculus is an extension of basic modal logic with least- and greatest fixpoint operators, which enable the expression of various kinds of recursive phenomena in the language. The logic has many applications, and a rich theory with many links to other areas such as algebra, order, infinite games, and automata.\u00a0<\/p><p>The course will give a general introduction to the theory of the modal \u03bc-calculus. We start with introducing the syntax and game semantics of the logic, and we link this to the algebraic semantics which is based on the theory of fixpoint operators. We discuss some model-theoretic results (including bisimulation invariance and the finite model property), and introduce some derivation systems.<\/p><\/div>\n\t\t\t\t<\/div>\n\t\t\t\t\t\t\t\t<\/div>\n\t\t\t\t<\/div>\n\t\t\t\t<\/div>\n\t\t\t\t\t<\/div>\n\t\t<\/div>\n\t\t\t\t\t\t\t<\/div>\n\t\t<\/section>\n\t\t\t\t<section class=\"elementor-section elementor-top-section elementor-element elementor-element-1ce48b7 elementor-section-boxed elementor-section-height-default elementor-section-height-default\" data-id=\"1ce48b7\" data-element_type=\"section\">\n\t\t\t\t\t\t<div class=\"elementor-container elementor-column-gap-default\">\n\t\t\t\t\t<div class=\"elementor-column elementor-col-100 elementor-top-column elementor-element elementor-element-37ed0f3\" data-id=\"37ed0f3\" data-element_type=\"column\">\n\t\t\t<div class=\"elementor-widget-wrap elementor-element-populated\">\n\t\t\t\t\t\t\t\t<div class=\"elementor-element elementor-element-aafa0f7 elementor-widget elementor-widget-text-editor\" data-id=\"aafa0f7\" data-element_type=\"widget\" data-widget_type=\"text-editor.default\">\n\t\t\t\t<div class=\"elementor-widget-container\">\n\t\t\t\t\t\t\t<p style=\"font-weight: 400;\">*\u4e24\u95e8\u8bfe\u7a0b\u5747\u4e3a\u82f1\u6587\u6388\u8bfe\uff0c\u5b66\u5458\u53ef\u6839\u636e\u5174\u8da3\u9009\u4fee\u8bfe\u7a0b, \u6309\u7167\u8001\u5e08\u7684\u8981\u6c42\u5b8c\u6210\u4f5c\u4e1a\u3002\u5bf9\u4e8e\u53c2\u52a0\u5e76\u5b8c\u6210\u8bfe\u7a0b\u7684\u5b66\u5458\uff0c\u8054\u5408\u7814\u7a76\u4e2d\u5fc3\u5c06\u9881\u53d1\u7ed3\u4e1a\u8bc1\u4e66\u3002\u6b22\u8fce\u5bf9\u903b\u8f91\u5b66\u611f\u5174\u8da3\u7684\u5b66\u751f\u548c\u8001\u5e08\u53c2\u52a0\u3002<\/p>\t\t\t\t\t\t<\/div>\n\t\t\t\t<\/div>\n\t\t\t\t\t<\/div>\n\t\t<\/div>\n\t\t\t\t\t\t\t<\/div>\n\t\t<\/section>\n\t\t\t\t<section class=\"elementor-section elementor-top-section elementor-element elementor-element-ddff547 elementor-section-boxed elementor-section-height-default elementor-section-height-default\" data-id=\"ddff547\" data-element_type=\"section\">\n\t\t\t\t\t\t<div class=\"elementor-container elementor-column-gap-default\">\n\t\t\t\t\t<div class=\"elementor-column elementor-col-100 elementor-top-column elementor-element elementor-element-417019a\" data-id=\"417019a\" data-element_type=\"column\">\n\t\t\t<div class=\"elementor-widget-wrap elementor-element-populated\">\n\t\t\t\t\t\t\t\t<div class=\"elementor-element elementor-element-3fc3c8c elementor-widget elementor-widget-heading\" data-id=\"3fc3c8c\" data-element_type=\"widget\" data-widget_type=\"heading.default\">\n\t\t\t\t<div class=\"elementor-widget-container\">\n\t\t\t<h4 class=\"elementor-heading-title elementor-size-default\">==\u6ce8\u518c==<\/h4>\t\t<\/div>\n\t\t\t\t<\/div>\n\t\t\t\t\t<\/div>\n\t\t<\/div>\n\t\t\t\t\t\t\t<\/div>\n\t\t<\/section>\n\t\t\t\t<section class=\"elementor-section elementor-top-section elementor-element elementor-element-0e98ec1 elementor-section-boxed elementor-section-height-default elementor-section-height-default\" data-id=\"0e98ec1\" data-element_type=\"section\">\n\t\t\t\t\t\t<div class=\"elementor-container elementor-column-gap-default\">\n\t\t\t\t\t<div class=\"elementor-column elementor-col-100 elementor-top-column elementor-element elementor-element-7bb4744\" data-id=\"7bb4744\" data-element_type=\"column\">\n\t\t\t<div class=\"elementor-widget-wrap elementor-element-populated\">\n\t\t\t\t\t\t\t\t<div class=\"elementor-element elementor-element-3fa23e0 elementor-widget elementor-widget-text-editor\" data-id=\"3fa23e0\" data-element_type=\"widget\" data-widget_type=\"text-editor.default\">\n\t\t\t\t<div class=\"elementor-widget-container\">\n\t\t\t\t\t\t\t<p style=\"font-weight: 400;\">\u8bfe\u7a0b\u5bf9\u6821\u5185\u5916\u5e08\u751f\u514d\u8d39\u5f00\u653e\uff0c\u6821\u5916\u53c2\u52a0\u7684\u5b66\u751f\u9700\u81ea\u7406\u98df\u5bbf\u3002\u8bf7\u6709\u5174\u8da3\u53c2\u52a0\u7684\u5404\u4f4d\u52a1\u5fc5\u4e8e\u62a5\u540d\u524d\u4ed4\u7ec6\u9605\u8bfb\u8bfe\u7a0b\u4ecb\u7ecd\uff0c\u786e\u4fdd\u80fd\u591f\u5728\u8bfe\u7a0b\u5f00\u59cb\u524d\u57fa\u672c\u638c\u63e1\u6240\u8981\u6c42\u7684\u9884\u5907\u77e5\u8bc6\uff0c\u4ee5\u4fdd\u8bc1\u8bfe\u5802\u542c\u8bfe\u4e0e\u4e92\u52a8\u6548\u679c\u3002\u4ee5\u4e0b\u4e3a\u5177\u4f53\u62a5\u540d\u8981\u6c42\uff1a<\/p><ul><li style=\"font-weight: 400;\">\u8bf7<a href=\"http:\/\/tsinghualogic.net\/JRC\/the-4th-tsinghua-logic-summer-school-registration\/\">\u5728\u6b64\u62a5\u540d\u9875\u9762<\/a>\u586b\u5199\u57fa\u672c\u4fe1\u606f\uff1b<\/li><li style=\"font-weight: 400;\">\u62a5\u540d\u9700\u63a8\u8350\u4eba\u4e00\u540d\uff0c\u63a8\u8350\u4eba\u4e00\u822c\u60c5\u51b5\u4e0b\u5e94\u4e3a\u62a5\u540d\u4eba\u6240\u5728\u9662\u6821\u8001\u5e08\uff1b\u63a8\u8350\u4eba\u9700\u53d1\u9001\u90ae\u4ef6\u81f3scw@mail.tsinghua.edu.cn\u786e\u8ba4\u62a5\u540d\u4eba\u57fa\u672c\u4fe1\u606f\u4e0e\u81ea\u6211\u9648\u8ff0\u5185\u5bb9\u5c5e\u5b9e\u3002<\/li><\/ul><p style=\"font-weight: 400;\">\u4e3a\u4fdd\u8bc1\u8bfe\u5802\u6548\u679c\uff0c\u6bcf\u95e8\u8bfe\u5bb9\u91cf\u8bbe\u7f6e\u4e3a30\u4eba\u5de6\u53f3\u3002\u82e5\u62a5\u540d\u4eba\u6570\u8fc7\u591a\u6211\u4eec\u5c06\u6839\u636e\u62a5\u540d\u4eba\u7684\u81ea\u6211\u9648\u8ff0\u5185\u5bb9\u8fdb\u884c\u7b5b\u9009\u3002\u6e05\u534e\u5728\u6821\u5b66\u751f\u53ef\u76f4\u63a5\u901a\u8fc7\u9009\u8bfe\u7cfb\u7edf\u6ce8\u518c\u6691\u671f\u8bfe\u7a0b\uff0c\u8bfe\u7a0b\u540d\u201c\u903b\u8f91\u5b66\u4e13\u9898\u4e0e\u524d\u6cbf\u201d\uff0800692241-90\uff09\u3002<\/p><ul><li>\u62a5\u540d\u622a\u6b62\u65e5\u671f\uff1a2024\u5e743\u670810\u65e5<\/li><li>\u5f55\u53d6\u901a\u77e5\u65e5\u671f\uff1a2024\u5e743\u670815\u65e5<\/li><\/ul><p>\u82e5\u6709\u7591\u95ee\u8bf7\u54a8\u8be2\u77f3\u8fb0\u5a01\uff08\u00a0scw@mail.tsinghua.edu.cn \uff09\u3002<\/p>\t\t\t\t\t\t<\/div>\n\t\t\t\t<\/div>\n\t\t\t\t\t<\/div>\n\t\t<\/div>\n\t\t\t\t\t\t\t<\/div>\n\t\t<\/section>\n\t\t\t\t\t\t<\/div>\n\t\t\t\t\t<\/div>\n\t\t","protected":false},"excerpt":{"rendered":"<p>English \u6e05\u534e\u5927\u5b66-\u963f\u59c6\u65af\u7279\u4e39\u5927\u5b66\u903b\u8f91\u5b66\u8054\u5408\u7814\u7a76\u4e2d\u5fc3\u4ece2021\u5e74\u5f00\u59cb\u4e3e\u529e\u903b\u8f91\u5b66\u6691\u671f\u5b66\u6821\uff0c\u9080\u8bf7\u77e5\u540d\u5b66\u8005\u6388\u8bfe [&hellip;]<\/p>\n","protected":false},"author":1,"featured_media":0,"parent":1854,"menu_order":0,"comment_status":"closed","ping_status":"closed","template":"","meta":[],"_links":{"self":[{"href":"http:\/\/tsinghualogic.net\/JRC\/wp-json\/wp\/v2\/pages\/6968"}],"collection":[{"href":"http:\/\/tsinghualogic.net\/JRC\/wp-json\/wp\/v2\/pages"}],"about":[{"href":"http:\/\/tsinghualogic.net\/JRC\/wp-json\/wp\/v2\/types\/page"}],"author":[{"embeddable":true,"href":"http:\/\/tsinghualogic.net\/JRC\/wp-json\/wp\/v2\/users\/1"}],"replies":[{"embeddable":true,"href":"http:\/\/tsinghualogic.net\/JRC\/wp-json\/wp\/v2\/comments?post=6968"}],"version-history":[{"count":21,"href":"http:\/\/tsinghualogic.net\/JRC\/wp-json\/wp\/v2\/pages\/6968\/revisions"}],"predecessor-version":[{"id":7074,"href":"http:\/\/tsinghualogic.net\/JRC\/wp-json\/wp\/v2\/pages\/6968\/revisions\/7074"}],"up":[{"embeddable":true,"href":"http:\/\/tsinghualogic.net\/JRC\/wp-json\/wp\/v2\/pages\/1854"}],"wp:attachment":[{"href":"http:\/\/tsinghualogic.net\/JRC\/wp-json\/wp\/v2\/media?parent=6968"}],"curies":[{"name":"wp","href":"https:\/\/api.w.org\/{rel}","templated":true}]}}