{"id":7396,"date":"2024-06-14T22:45:53","date_gmt":"2024-06-14T14:45:53","guid":{"rendered":"http:\/\/tsinghualogic.net\/JRC\/?page_id=7396"},"modified":"2024-07-12T16:19:32","modified_gmt":"2024-07-12T08:19:32","slug":"team-semantics-linguistic-and-philosophical-applications","status":"publish","type":"page","link":"http:\/\/tsinghualogic.net\/JRC\/team-semantics-linguistic-and-philosophical-applications\/","title":{"rendered":"Team Semantics: Linguistic and Philosophical Applications"},"content":{"rendered":"\t\t<div data-elementor-type=\"wp-page\" data-elementor-id=\"7396\" class=\"elementor elementor-7396\" data-elementor-settings=\"[]\">\n\t\t\t\t\t\t\t<div class=\"elementor-section-wrap\">\n\t\t\t\t\t\t\t<section class=\"elementor-section elementor-top-section elementor-element elementor-element-022ebca elementor-section-content-middle elementor-section-boxed elementor-section-height-default elementor-section-height-default\" data-id=\"022ebca\" data-element_type=\"section\">\n\t\t\t\t\t\t<div class=\"elementor-container elementor-column-gap-default\">\n\t\t\t\t\t<div class=\"elementor-column elementor-col-66 elementor-top-column elementor-element elementor-element-27396d1\" data-id=\"27396d1\" data-element_type=\"column\">\n\t\t\t<div class=\"elementor-widget-wrap elementor-element-populated\">\n\t\t\t\t\t\t\t\t<div class=\"elementor-element elementor-element-e3ebc92 elementor-widget elementor-widget-text-editor\" data-id=\"e3ebc92\" data-element_type=\"widget\" data-widget_type=\"text-editor.default\">\n\t\t\t\t<div class=\"elementor-widget-container\">\n\t\t\t<style>\/*! elementor - v3.5.6 - 28-02-2022 *\/\n.elementor-widget-text-editor.elementor-drop-cap-view-stacked .elementor-drop-cap{background-color:#818a91;color:#fff}.elementor-widget-text-editor.elementor-drop-cap-view-framed .elementor-drop-cap{color:#818a91;border:3px solid;background-color:transparent}.elementor-widget-text-editor:not(.elementor-drop-cap-view-default) .elementor-drop-cap{margin-top:8px}.elementor-widget-text-editor:not(.elementor-drop-cap-view-default) .elementor-drop-cap-letter{width:1em;height:1em}.elementor-widget-text-editor .elementor-drop-cap{float:left;text-align:center;line-height:1;font-size:50px}.elementor-widget-text-editor .elementor-drop-cap-letter{display:inline-block}<\/style>\t\t\t\t<ul>\n<li>Time: 9:50 AM-12:15 PM, 8th July-12th July<\/li>\n<li>Location: Room 3104, Teaching Building No.3, Tsinghua University<\/li>\n<li>Lecturer: Maria Aloni (University of Amsterdam)<\/li>\n<li>Teaching Assistants: Jialiang Yan (<span class=\"oab-info\" title=\"jialiang_yan@mail.tsinghua.edu.cn\">jialiang_yan@mail.tsinghua.edu.cn<\/span>), Yiqian Wang (yiqian_wang@g.harvard.edu)<\/li>\n<li>On-campus course name and course number: \u903b\u8f91\u5b66\u4e13\u9898\u4e0e\u524d\u6cbf\uff0800692241-90\uff09<\/li>\n<\/ul>\t\t\t\t\t\t<\/div>\n\t\t\t\t<\/div>\n\t\t\t\t\t<\/div>\n\t\t<\/div>\n\t\t\t\t<div class=\"elementor-column elementor-col-33 elementor-top-column elementor-element elementor-element-ce29945\" data-id=\"ce29945\" data-element_type=\"column\">\n\t\t\t<div class=\"elementor-widget-wrap elementor-element-populated\">\n\t\t\t\t\t\t\t\t<div class=\"elementor-element elementor-element-60d6376 elementor-widget elementor-widget-text-editor\" data-id=\"60d6376\" data-element_type=\"widget\" data-widget_type=\"text-editor.default\">\n\t\t\t\t<div class=\"elementor-widget-container\">\n\t\t\t\t\t\t\t<p><img decoding=\"async\" loading=\"lazy\" class=\"wp-image-7401 aligncenter\" src=\"http:\/\/tsinghualogic.net\/JRC\/wp-content\/uploads\/2024\/06\/download.jpg\" alt=\"\" width=\"158\" height=\"211\" \/><\/p><p style=\"text-align: center;\"><a href=\"https:\/\/www.marialoni.org\/\">Maria Aloni<\/a><\/p>\t\t\t\t\t\t<\/div>\n\t\t\t\t<\/div>\n\t\t\t\t\t<\/div>\n\t\t<\/div>\n\t\t\t\t\t\t\t<\/div>\n\t\t<\/section>\n\t\t\t\t<section class=\"elementor-section elementor-top-section elementor-element elementor-element-26039a0 elementor-section-boxed elementor-section-height-default elementor-section-height-default\" data-id=\"26039a0\" data-element_type=\"section\">\n\t\t\t\t\t\t<div class=\"elementor-container elementor-column-gap-default\">\n\t\t\t\t\t<div class=\"elementor-column elementor-col-100 elementor-top-column elementor-element elementor-element-87d4638\" data-id=\"87d4638\" data-element_type=\"column\">\n\t\t\t<div class=\"elementor-widget-wrap elementor-element-populated\">\n\t\t\t\t\t\t\t\t<div class=\"elementor-element elementor-element-152830b elementor-widget elementor-widget-heading\" data-id=\"152830b\" data-element_type=\"widget\" data-widget_type=\"heading.default\">\n\t\t\t\t<div class=\"elementor-widget-container\">\n\t\t\t<style>\/*! elementor - v3.5.6 - 28-02-2022 *\/\n.elementor-heading-title{padding:0;margin:0;line-height:1}.elementor-widget-heading .elementor-heading-title[class*=elementor-size-]>a{color:inherit;font-size:inherit;line-height:inherit}.elementor-widget-heading .elementor-heading-title.elementor-size-small{font-size:15px}.elementor-widget-heading .elementor-heading-title.elementor-size-medium{font-size:19px}.elementor-widget-heading .elementor-heading-title.elementor-size-large{font-size:29px}.elementor-widget-heading .elementor-heading-title.elementor-size-xl{font-size:39px}.elementor-widget-heading .elementor-heading-title.elementor-size-xxl{font-size:59px}<\/style><h3 class=\"elementor-heading-title elementor-size-default\">Course Description<\/h3>\t\t<\/div>\n\t\t\t\t<\/div>\n\t\t\t\t\t<\/div>\n\t\t<\/div>\n\t\t\t\t\t\t\t<\/div>\n\t\t<\/section>\n\t\t\t\t<section class=\"elementor-section elementor-top-section elementor-element elementor-element-05b50e8 elementor-section-boxed elementor-section-height-default elementor-section-height-default\" data-id=\"05b50e8\" data-element_type=\"section\">\n\t\t\t\t\t\t<div class=\"elementor-container elementor-column-gap-default\">\n\t\t\t\t\t<div class=\"elementor-column elementor-col-100 elementor-top-column elementor-element elementor-element-40cd611\" data-id=\"40cd611\" data-element_type=\"column\">\n\t\t\t<div class=\"elementor-widget-wrap elementor-element-populated\">\n\t\t\t\t\t\t\t\t<div class=\"elementor-element elementor-element-d77af5b elementor-widget elementor-widget-text-editor\" data-id=\"d77af5b\" data-element_type=\"widget\" data-widget_type=\"text-editor.default\">\n\t\t\t\t<div class=\"elementor-widget-container\">\n\t\t\t\t\t\t\t<p>In team semantics, formulas are interpreted with respect to a set of points of evaluation (a team) rather than single points. These evaluations points can be valuations (propositional team logic), first order assignments (first-order team semantics) or possible worlds (team-based modal logic).<\/p><p>Historically, team semantics was originally introduced by Hodges (1997) as a compositional semantics for Independence-friendly Logic (Hintikka, Sandu 1989) and later further developed in Dependence Logic (V\u00e4\u00e4n\u00e4nen 2007), with applications in many areas (database theory, quantum theory, networks, and more). <br \/>Inquisitive Semantics (Ciardelli and Roelofsen 2011, Ciardelli, Groenendijk, Roelofsen 2018), developed to account for question meaning, can also be viewed as an example of a team-based system since it evaluates formulas with respect to information states, characterised as sets of possible worlds. Bilateral State-Based Modal Logic (BSML) (Aloni 2022), developed to account for free choice phenomena in natural language, is a recent example of a team-based modal logic merging elements from Dependence Logic and Inquisitive Logic.<\/p><p>In the course, we will provide an overview of different team-based systems, including BSML and extensions of Dependence Logic and Inquisitive Logic, with a focus on their linguistic and philosophical applications.<\/p>\t\t\t\t\t\t<\/div>\n\t\t\t\t<\/div>\n\t\t\t\t\t<\/div>\n\t\t<\/div>\n\t\t\t\t\t\t\t<\/div>\n\t\t<\/section>\n\t\t\t\t<section class=\"elementor-section elementor-top-section elementor-element elementor-element-9ffd342 elementor-section-boxed elementor-section-height-default elementor-section-height-default\" data-id=\"9ffd342\" data-element_type=\"section\">\n\t\t\t\t\t\t<div class=\"elementor-container elementor-column-gap-default\">\n\t\t\t\t\t<div class=\"elementor-column elementor-col-100 elementor-top-column elementor-element elementor-element-394696b\" data-id=\"394696b\" data-element_type=\"column\">\n\t\t\t<div class=\"elementor-widget-wrap elementor-element-populated\">\n\t\t\t\t\t\t\t\t<div class=\"elementor-element elementor-element-9aec251 elementor-widget elementor-widget-heading\" data-id=\"9aec251\" data-element_type=\"widget\" data-widget_type=\"heading.default\">\n\t\t\t\t<div class=\"elementor-widget-container\">\n\t\t\t<h3 class=\"elementor-heading-title elementor-size-default\">Tentative Schedule<\/h3>\t\t<\/div>\n\t\t\t\t<\/div>\n\t\t\t\t\t<\/div>\n\t\t<\/div>\n\t\t\t\t\t\t\t<\/div>\n\t\t<\/section>\n\t\t\t\t<section class=\"elementor-section elementor-top-section elementor-element elementor-element-b0b1e6c elementor-section-boxed elementor-section-height-default elementor-section-height-default\" data-id=\"b0b1e6c\" data-element_type=\"section\">\n\t\t\t\t\t\t<div class=\"elementor-container elementor-column-gap-default\">\n\t\t\t\t\t<div class=\"elementor-column elementor-col-100 elementor-top-column elementor-element elementor-element-b78d015\" data-id=\"b78d015\" data-element_type=\"column\">\n\t\t\t<div class=\"elementor-widget-wrap elementor-element-populated\">\n\t\t\t\t\t\t\t\t<div class=\"elementor-element elementor-element-432c831 elementor-widget elementor-widget-text-editor\" data-id=\"432c831\" data-element_type=\"widget\" data-widget_type=\"text-editor.default\">\n\t\t\t\t<div class=\"elementor-widget-container\">\n\t\t\t\t\t\t\t<p><strong>Day 1. Introduction to team semantics<\/strong><\/p><p>After a historical overview we will give a first introduction to the following team-based systems: Dependence Logic (V\u00e4\u00e4n\u00e4nen 2007); Inquisitive Logic (Ciardelli &amp; Roelofsen 2011); Propositional Team Logic (Yang &amp; V\u00e4\u00e4n\u00e4nen 2017) and Bilateral State-based Modal Logic (Aloni 2022); and discuss some of their formal properties.<\/p><p><strong>Day 2. Bilateral State-based Modal Logic (BSML)<\/strong><br \/><br \/>We will delve deeper into BSML and discuss a number of applications, including free choice and ignorance inferences (with comparison with the standard Neo-Gricean implicature account); epistemic contradictions and the acquisition of disjunction.<\/p><p><br \/><strong>Day 3. Quantified BSML (qBSML)<\/strong><\/p><p>In the first part we will present a first order version of BSML (Aloni and Ormondt 2023) and discuss more applications including modified numerals, and distributive inferences. In the second part, dr. Jialiang Yan will give a guest lecture presenting his recent work on epistemic modalities using extensions of BSML.<\/p><p><br \/><strong>Day 4: Inquisitive Epistemic Logic<\/strong><\/p><p>We will focus on Inquisitive Semantics and their account of question meanings and then introduce Inquisitive Epistemic Logic (Ciardelli and Roelofsen, 2011, 2015) and discuss applications in the semantics of inquisitive attitude verbs.<\/p><p><br \/><strong>Day 5: Two-sorted Dependence Logic<\/strong><\/p><p>We will introduce a two-sorted dependence logic with dependence, variation and inclusion atoms and discuss an application to capture cross-linguistic variations in the expression of indefinite reference and specificity (Aloni and Degano 2022, 2024)<\/p>\t\t\t\t\t\t<\/div>\n\t\t\t\t<\/div>\n\t\t\t\t\t<\/div>\n\t\t<\/div>\n\t\t\t\t\t\t\t<\/div>\n\t\t<\/section>\n\t\t\t\t<section class=\"elementor-section elementor-top-section elementor-element elementor-element-03940ab elementor-section-boxed elementor-section-height-default elementor-section-height-default\" data-id=\"03940ab\" data-element_type=\"section\">\n\t\t\t\t\t\t<div class=\"elementor-container elementor-column-gap-default\">\n\t\t\t\t\t<div class=\"elementor-column elementor-col-100 elementor-top-column elementor-element elementor-element-33d6b2d\" data-id=\"33d6b2d\" data-element_type=\"column\">\n\t\t\t<div class=\"elementor-widget-wrap elementor-element-populated\">\n\t\t\t\t\t\t\t\t<div class=\"elementor-element elementor-element-2691927 elementor-widget elementor-widget-heading\" data-id=\"2691927\" data-element_type=\"widget\" data-widget_type=\"heading.default\">\n\t\t\t\t<div class=\"elementor-widget-container\">\n\t\t\t<h3 class=\"elementor-heading-title elementor-size-default\">Background Knowledge<\/h3>\t\t<\/div>\n\t\t\t\t<\/div>\n\t\t\t\t\t<\/div>\n\t\t<\/div>\n\t\t\t\t\t\t\t<\/div>\n\t\t<\/section>\n\t\t\t\t<section class=\"elementor-section elementor-top-section elementor-element elementor-element-eb666c7 elementor-section-boxed elementor-section-height-default elementor-section-height-default\" data-id=\"eb666c7\" data-element_type=\"section\">\n\t\t\t\t\t\t<div class=\"elementor-container elementor-column-gap-default\">\n\t\t\t\t\t<div class=\"elementor-column elementor-col-100 elementor-top-column elementor-element elementor-element-9d30f2e\" data-id=\"9d30f2e\" data-element_type=\"column\">\n\t\t\t<div class=\"elementor-widget-wrap elementor-element-populated\">\n\t\t\t\t\t\t\t\t<div class=\"elementor-element elementor-element-685c2b3 elementor-widget elementor-widget-text-editor\" data-id=\"685c2b3\" data-element_type=\"widget\" data-widget_type=\"text-editor.default\">\n\t\t\t\t<div class=\"elementor-widget-container\">\n\t\t\t\t\t\t\t<p>The material covered in this course is in the interface between philosophical logic and formal semantics. The goal is to make this material accessible to a broad audience, but some familiarity with the syntax and semantics of first-order predicate logic and modal logic is required.<\/p><p><br \/><strong>References<\/strong><\/p><ol><li>Aloni, M. (2022). \u201cLogic and Conversation: the case of Free Choice\u201d. Semantics and Pragmatics, 15(5).<br \/>DOI: https:\/\/doi.org\/10.3765\/sp.15.5<\/li><li>Aloni, M. and Degano, M. (2022). \u201c(Non-)specificity across languages: constancy, variation, v-variation\u201d. Proceedings of Semantic and Linguistic Theory (SALT) 32. URL: https:\/\/journals.linguisticsociety.org\/proceedings\/index.php\/SALT\/article\/view\/32.010<\/li><li>Aloni, M, Anttila, A, and Yang, F. (2023). \u201cState-based Modal Logics for Free Choice.\u201d Manuscript, University of Amsterdam. <br \/>URL: https:\/\/arxiv.org\/abs\/2305.11777<\/li><li>Aloni, M. and Degano, M. (2024). How to be (non-)specific. Manuscript, University of Amsterdam.<\/li><li>Aloni, M and Ormondt, P van. (2023). \u201cModified numerals and split disjunction: the first-order case.\u201d Journal of Logic Language and Information 32, 539\u2013567. DOI: https:\/\/doi.org\/10.1007\/s10849-023-09399-w<\/li><li>Anttila, A. (2021). The Logic of Free Choice Axiomatizations of State-based Modal Logics. MSc Logic Thesis. University of Amsterdam.<\/li><li>Brasoveanu, A., Farkas, D.F. (2011) \u201cHow indefinites choose their scope\u201d. Linguistic and Philosophy 34, 1\u201355. DOI: 10.1007\/s10988-011-9092-7<\/li><li>Ciardelli, I., Groenendijk J. and F. Roelofsen (2018). Inquisitive Semantics. Oxford University Press.<\/li><li>Ciardelli, I. and F. Roelofsen (2011). \u201cInquisitive Logic\u201c. Journal of Philosophical Logic, 40(1):55\u201394.<\/li><li>Ciardelli, I. and F. Roelofsen (2015). \u201cInquisitive Dynamic Epistemic Logic\u201c. Synthese, 192(6):1643\u20131687.<\/li><li>Galliani, P. (2021), \u201cDependence Logic\u201d, The Stanford Encyclopedia of Philosophy. URL: plato.stanford.edu\/entries\/logic-dependence\/<\/li><li>Hintikka, J. and Sandu G. (1989), \u201cInformational independence as a semantical phenomenon\u201d, in Logic, Methodology and Philosophy of Science VIII (J. E. Fenstad, et al., eds.), North-Holland, Amsterdam, DOI: 10.1016\/S0049-237X(08)70066-1<\/li><li>Hodges, W. (1997), \u201cCompositional Semantics for a Language of Imperfect Information\u201d, Logic Journal of the IGPL, 5(4): 539\u2013563. DOI: 10.1093\/jigpal\/5.4.539<\/li><li>L\u00fcck, M. (2020). Team logic: axioms, expressiveness, complexity. Hannover : Gottfried Wilhelm Leibniz Universit\u00e4t. PhD Thesis. DOI: 10.15488\/9376<\/li><li>V\u00e4\u00e4n\u00e4nen, J. (2007), Dependence Logic: A New Approach to Independence Friendly Logic, (London Mathematical Society student texts, 70), Cambridge: Cambridge University Press. DOI: 10.1017\/CBO9780511611193<\/li><li>Yang, F., and V\u00e4\u00e4n\u00e4nen, J. (2017). \u201cPropositional team logics.\u201d Annals of Pure and Applied Logic 168.7: 1406-1441. DOI: 10.1016\/j.apal.2017.01.007<\/li><\/ol>\t\t\t\t\t\t<\/div>\n\t\t\t\t<\/div>\n\t\t\t\t\t<\/div>\n\t\t<\/div>\n\t\t\t\t\t\t\t<\/div>\n\t\t<\/section>\n\t\t\t\t<section class=\"elementor-section elementor-top-section elementor-element elementor-element-806251c elementor-section-boxed elementor-section-height-default elementor-section-height-default\" data-id=\"806251c\" data-element_type=\"section\">\n\t\t\t\t\t\t<div class=\"elementor-container elementor-column-gap-default\">\n\t\t\t\t\t<div class=\"elementor-column elementor-col-100 elementor-top-column elementor-element elementor-element-1d2888c\" data-id=\"1d2888c\" data-element_type=\"column\">\n\t\t\t<div class=\"elementor-widget-wrap elementor-element-populated\">\n\t\t\t\t\t\t\t\t<div class=\"elementor-element elementor-element-8725b82 elementor-widget elementor-widget-heading\" data-id=\"8725b82\" data-element_type=\"widget\" data-widget_type=\"heading.default\">\n\t\t\t\t<div class=\"elementor-widget-container\">\n\t\t\t<h3 class=\"elementor-heading-title elementor-size-default\">Slides and Exercises<\/h3>\t\t<\/div>\n\t\t\t\t<\/div>\n\t\t\t\t\t<\/div>\n\t\t<\/div>\n\t\t\t\t\t\t\t<\/div>\n\t\t<\/section>\n\t\t\t\t<section class=\"elementor-section elementor-top-section elementor-element elementor-element-6dc0580 elementor-section-boxed elementor-section-height-default elementor-section-height-default\" data-id=\"6dc0580\" data-element_type=\"section\">\n\t\t\t\t\t\t<div class=\"elementor-container elementor-column-gap-default\">\n\t\t\t\t\t<div class=\"elementor-column elementor-col-100 elementor-top-column elementor-element elementor-element-591049f\" data-id=\"591049f\" data-element_type=\"column\">\n\t\t\t<div class=\"elementor-widget-wrap elementor-element-populated\">\n\t\t\t\t\t\t\t\t<div class=\"elementor-element elementor-element-25a49bf elementor-widget elementor-widget-text-editor\" data-id=\"25a49bf\" data-element_type=\"widget\" data-widget_type=\"text-editor.default\">\n\t\t\t\t<div class=\"elementor-widget-container\">\n\t\t\t\t\t\t\t<p>Day 1:\u00a0<a href=\"http:\/\/tsinghualogic.net\/JRC\/wp-content\/uploads\/2024\/07\/Tsinghua24Day1.pdf\">Tsinghua24Day1 <\/a><\/p><p>The first time exercises need to be submitted before the class on Wednesday.<\/p><p>Day 2: <a href=\"http:\/\/tsinghualogic.net\/JRC\/wp-content\/uploads\/2024\/07\/Tsinghua24Day2.pdf\">Tsinghua24Day2<\/a><\/p><p>Day 3: <a href=\"http:\/\/tsinghualogic.net\/JRC\/wp-content\/uploads\/2024\/07\/Tsinghua24Day3.pdf\">Tsinghua24Day3<\/a><\/p><p>Day 4: <a href=\"http:\/\/tsinghualogic.net\/JRC\/wp-content\/uploads\/2024\/07\/Tsinghua24Day4.pdf\">Tsinghua24Day4<\/a><\/p><p>Day 5: <a href=\"http:\/\/tsinghualogic.net\/JRC\/wp-content\/uploads\/2024\/07\/Tsinghua24Day5.pdf\">Tsinghua24Day5<\/a><\/p><p>The second time exercises need to be submitted before 24:00 Friday of 12th.<\/p><p>Final exam: <a href=\"http:\/\/tsinghualogic.net\/JRC\/wp-content\/uploads\/2024\/07\/Exam-1.pdf\">Exam<\/a><\/p><p>The exam should be submitted before 24:00 Monday of 15th.<\/p><p>\u00a0<\/p>\t\t\t\t\t\t<\/div>\n\t\t\t\t<\/div>\n\t\t\t\t\t<\/div>\n\t\t<\/div>\n\t\t\t\t\t\t\t<\/div>\n\t\t<\/section>\n\t\t\t\t<section class=\"elementor-section elementor-top-section elementor-element elementor-element-6b57e20 elementor-section-boxed elementor-section-height-default elementor-section-height-default\" data-id=\"6b57e20\" data-element_type=\"section\">\n\t\t\t\t\t\t<div class=\"elementor-container elementor-column-gap-default\">\n\t\t\t\t\t<div class=\"elementor-column elementor-col-100 elementor-top-column elementor-element elementor-element-9494df9\" data-id=\"9494df9\" data-element_type=\"column\">\n\t\t\t<div class=\"elementor-widget-wrap\">\n\t\t\t\t\t\t\t\t\t<\/div>\n\t\t<\/div>\n\t\t\t\t\t\t\t<\/div>\n\t\t<\/section>\n\t\t\t\t\t\t<\/div>\n\t\t\t\t\t<\/div>\n\t\t","protected":false},"excerpt":{"rendered":"<p>Time: 9:50 AM-12:15 PM, 8th July-12th July Location: Ro [&hellip;]<\/p>\n","protected":false},"author":1,"featured_media":0,"parent":0,"menu_order":0,"comment_status":"closed","ping_status":"closed","template":"","meta":[],"_links":{"self":[{"href":"http:\/\/tsinghualogic.net\/JRC\/wp-json\/wp\/v2\/pages\/7396"}],"collection":[{"href":"http:\/\/tsinghualogic.net\/JRC\/wp-json\/wp\/v2\/pages"}],"about":[{"href":"http:\/\/tsinghualogic.net\/JRC\/wp-json\/wp\/v2\/types\/page"}],"author":[{"embeddable":true,"href":"http:\/\/tsinghualogic.net\/JRC\/wp-json\/wp\/v2\/users\/1"}],"replies":[{"embeddable":true,"href":"http:\/\/tsinghualogic.net\/JRC\/wp-json\/wp\/v2\/comments?post=7396"}],"version-history":[{"count":22,"href":"http:\/\/tsinghualogic.net\/JRC\/wp-json\/wp\/v2\/pages\/7396\/revisions"}],"predecessor-version":[{"id":7523,"href":"http:\/\/tsinghualogic.net\/JRC\/wp-json\/wp\/v2\/pages\/7396\/revisions\/7523"}],"wp:attachment":[{"href":"http:\/\/tsinghualogic.net\/JRC\/wp-json\/wp\/v2\/media?parent=7396"}],"curies":[{"name":"wp","href":"https:\/\/api.w.org\/{rel}","templated":true}]}}