{"id":2063,"date":"2020-10-31T14:35:33","date_gmt":"2020-10-31T06:35:33","guid":{"rendered":"http:\/\/tsinghualogic.net\/JRC\/?page_id=2063"},"modified":"2021-06-27T21:43:57","modified_gmt":"2021-06-27T13:43:57","slug":"program","status":"publish","type":"page","link":"https:\/\/tsinghualogic.net\/JRC\/program\/","title":{"rendered":"PROGRAM"},"content":{"rendered":"\n<p>Note that <\/p>\n\n\n\n<p><strong> UTC<\/strong> is for Coordinated Universal Time<\/p>\n\n\n\n<p><strong>EDT<\/strong> is for Eastern Daylight Time<\/p>\n\n\n\n<p><strong>CST<\/strong> is for China Standard Time<\/p>\n\n\n\n<p><strong>CEST<\/strong> is for Central European Summer Time<\/p>\n\n\n\n<p>In the poster session, the posters that will be presented are exactly the ones that the audience just heard the short presentations of.<\/p>\n\n\n\n<h5><strong>Friday June 25<\/strong><\/h5>\n\n\n\n<figure class=\"wp-block-table is-style-regular\"><table class=\"has-subtle-pale-green-background-color has-background\"><tbody><tr><td>UTC<\/td><td>EDT<\/td><td>CST<\/td><td>CEST<\/td><td><\/td><td class=\"has-text-align-left\" data-align=\"left\"><\/td><\/tr><tr><td>9.50am-10.00am<\/td><td>5.50am-6.00am<\/td><td>5.50pm-6.00pm<\/td><td>11.50am-12.00pm<\/td><td>Opening<\/td><td class=\"has-text-align-left\" data-align=\"left\"><\/td><\/tr><tr><td>10.00am-10.45am<\/td><td>6.00am-6.45am<\/td><td>6.00pm-6.45pm<\/td><td>12.00pm-12.45pm<\/td><td><strong>Short presentations of posters<\/strong><br>(Chair: Paolo Turrini)<br>on Zoom<\/td><td class=\"has-text-align-left\" data-align=\"left\"><strong>Attainable Knowledge and Omniscience <\/strong><br>(Pavel Naumov and Jia Tao)<br><br><strong>Deliberation and Epistemic Democracy<\/strong> <br>(Huihui Ding and Marcus Pivato)<br><br><strong>Persuading Communicating Voters<\/strong> <br>(Anastas Tenev and Toygar Kerman)<br><br><strong>Local Dominance<\/strong><br>(Emiliano Catonini and Jingyi Xue)<br><br><strong>Knowledge from Probability<\/strong><br>(Jeremy Goodman and Bernhard Salow)<br><br><strong>Epistemic Modality and Coordination under Uncertainty<\/strong> <br>(Giorgio Sbardolini)<br><br><strong>Are the Players in an Interactive Belief Model Meta-certain of the Model Itself?<\/strong> <br>(Satoshi Fukuda)<br><\/td><\/tr><tr><td>11.00am-12.00pm<\/td><td>7.00am-8.00am<\/td><td>7.00pm-8.00pm<\/td><td>1.00pm-2.00pm<\/td><td><strong>Poster session<\/strong><br>on gather.town<\/td><td class=\"has-text-align-left\" data-align=\"left\"><\/td><\/tr><tr><td>5.00pm-6.00pm<\/td><td>1.00pm-2.00pm<\/td><td>1.00am-2.00am(June 26)<\/td><td>7.00pm-8.00pm<\/td><td><strong>Invited talk<br><\/strong>\uff08Chair: Andr\u00e9s Perea\uff09<br>on Zoom<\/td><td class=\"has-text-align-left\" data-align=\"left\"><br><strong>Interactive Awareness of Unawareness<\/strong><br>(Burkhard Schipper)<\/td><\/tr><tr><td>6.00pm-7.00pm<\/td><td>2.00pm-3.00pm<\/td><td>2.00am-3.00am(June 26)<\/td><td>8.00pm-9.00pm<\/td><td><strong>Hangout session <\/strong><br>on gather.town<\/td><td class=\"has-text-align-left\" data-align=\"left\"><\/td><\/tr><tr><td>7.00pm-7.45pm<\/td><td>3.00pm-3.45pm<\/td><td>3.00am-3.45am(June 26)<\/td><td>9.00pm-9.45pm<\/td><td><strong>Short presentations of posters<\/strong><br>(Chair: Rineke Verbrugge)<br>on Zoom<\/td><td class=\"has-text-align-left\" data-align=\"left\"><strong>Revisiting Epistemic Logic with Names<\/strong> <br>(Marta B\u00edlkov\u00e1, Zo\u00e9 Christoff and Olivier Roy)<br><br><strong>Algorithmic randomness, Bayesian convergence and merging<\/strong> <br>(Simon Huttegger, Sean Walsh and Francesca Zaffora Blando)<br><br><strong>Understanding Transfinite Elimination of Non-Best Replies<\/strong><br>(Stephan Jagau)<br><br><strong>Measuring Violations of Positive Involvement in Voting<\/strong><br>(Wesley Holliday and Eric Pacuit)<br><br><strong>Language-based Decisions<\/strong><br>(Adam Bjorndahl and Joseph Halpern)<br><br><strong>A Deontic Stit Logic Based on Beliefs and Expected Utility<\/strong><br>(Aldo Iv\u00e1n Ram\u00edrez Abarca and Jan Broersen)<br><br><strong>Fire!<\/strong><br>(Krisztina Fruzsa, Roman Kuznets and Ulrich Schmid)<br><br><strong>Dynamically Rational Judgment Aggregation<\/strong><br>(Franz Dietrich and Christian List)<\/td><\/tr><tr><td>8.00pm-9.00pm<\/td><td>4.00pm-5.00pm<\/td><td>4.00am-5.00am(June 26)<\/td><td>10.00pm-11.00pm<\/td><td><strong><strong><strong>Poster session<\/strong><\/strong><\/strong><br>on gather.town<\/td><td class=\"has-text-align-left\" data-align=\"left\"><\/td><\/tr><\/tbody><\/table><\/figure>\n\n\n\n<hr class=\"wp-block-separator\"\/>\n\n\n\n<h5><strong>Saturday June 26<\/strong><\/h5>\n\n\n\n<figure class=\"wp-block-table\"><table class=\"has-subtle-pale-blue-background-color has-background\"><tbody><tr><td class=\"has-text-align-left\" data-align=\"left\">UTC<\/td><td>EDT<\/td><td>CST<\/td><td>CEST<\/td><td><\/td><td class=\"has-text-align-left\" data-align=\"left\"><\/td><\/tr><tr><td class=\"has-text-align-left\" data-align=\"left\">0.00am-0.45am<\/td><td>8.00pm-8.45pm(June 25)<\/td><td>8.00am-8.45am<\/td><td>2.00am-2.45am<\/td><td><strong>Short presentations of posters<\/strong><br>(Chair: Kevin Zollman)<br>on Zoom<\/td><td class=\"has-text-align-left\" data-align=\"left\"><strong><strong>Knowledge from Probability<\/strong><\/strong><br>(Jeremy Goodman and Bernhard Salow)<br><br><strong>Communication Pattern Models: an Extension of Action Models for Dynamic-Network Distributed Systems<\/strong><br>(Diego A. Vel\u00e1zquez, Armando Casta\u00f1eda and David A. Rosenblueth)<br><br>&nbsp;<strong>Knowing how to plan<\/strong><br>(Yanjun Li and Yanjing Wang)<br><br><strong>Collective Argumentation: The Case of Aggregating Support-Relations of Bipolar Argumentation Frameworks<\/strong><br>(Weiwei Chen)<br><br><strong>Uncertainty-Based Semantics for Multi-Agent Knowing How Logics<\/strong><br>(Carlos Areces, Raul Fervari, Andr\u00e9s R. Saravia and Fernando R. Vel\u00e1zquez-Quesada)<br><br><strong>No Finite Model Property for Logics of Quantified Announcements<\/strong><br>(Hans van Ditmarsch, Tim French and Rustam Galimullin)<br><br><strong>Probabilistic stability and statistical learning<\/strong><br>(Krzysztof Mierzewski)<\/td><\/tr><tr><td class=\"has-text-align-left\" data-align=\"left\">1.00am-2.00am<\/td><td>9.00pm-10.00pm(June 25)<\/td><td>9.00am-10.00am<\/td><td>3.00am-4.00am<\/td><td><strong><strong>Poster session<\/strong><\/strong><br>on gather.town<\/td><td class=\"has-text-align-left\" data-align=\"left\"><\/td><\/tr><tr><td class=\"has-text-align-left\" data-align=\"left\">2.00am-3.00am<\/td><td>10.00pm-11.00pm(June 25)<\/td><td>10.00am-11.00am<\/td><td>4.00am-5.00am<\/td><td><strong>Hangout session <\/strong><br>on gather.town<\/td><td class=\"has-text-align-left\" data-align=\"left\"><\/td><\/tr><tr><td class=\"has-text-align-left\" data-align=\"left\">10.00am-10.45am<\/td><td>6.00am-6.45am<\/td><td>6.00pm-6.45pm<\/td><td>12.00pm-12.45pm<\/td><td><strong>Short presentations of posters<\/strong><br>(Chair: J\u00e9r\u00f4me Lang)<br>on Zoom<\/td><td class=\"has-text-align-left\" data-align=\"left\"><strong>Revisiting Epistemic Logic with Names<\/strong><br>(Marta B\u00edlkov\u00e1, Zo\u00e9 Christoff and Olivier Roy)<br><br><strong>Well-founded Extensive Games with Perfect Information<\/strong><br>(Krzysztof Apt and Sunil Simon)<br><br><strong>Game-Theoretic Models of Moral and Other-Regarding Agents<\/strong><br>(Gabriel Istrate)<br><br><strong>An Awareness Epistemic Framework for Belief, Argumentation and Their Dynamics<\/strong><br>(Alfredo Burrieza and Antonio Yuste-Ginel)<br><br><strong>Fire!<\/strong><br>(Krisztina Fruzsa, Roman Kuznets and Ulrich Schmid)<br><br><strong>Dynamically Rational Judgment Aggregation<\/strong><br>(Franz Dietrich and Christian List)<br><br><strong>Reasoning about Emergence of Collective Memory<\/strong><br>(R. Ramanujam)<\/td><\/tr><tr><td class=\"has-text-align-left\" data-align=\"left\">11.00am-12.00pm<\/td><td>7.00am-8.00am<\/td><td>7.00pm-8.00pm<\/td><td>1.00pm-2.00pm<\/td><td><strong><strong>Poster session<\/strong><\/strong><br>on gather.town<\/td><td class=\"has-text-align-left\" data-align=\"left\"><\/td><\/tr><tr><td class=\"has-text-align-left\" data-align=\"left\">4.00pm-5.00pm<\/td><td>12.00pm-1.00pm<\/td><td>0.00am-1.00am(June 27)<\/td><td>6.00pm-7.00pm<\/td><td><strong>Invited talk <br><\/strong>\uff08Chair: Fenrong Liu\uff09<br>on Zoom<\/td><td class=\"has-text-align-left\" data-align=\"left\"><strong>Learning what others know<\/strong><br>(Sonja Smets)<\/td><\/tr><tr><td class=\"has-text-align-left\" data-align=\"left\">7.00pm-7.45pm<\/td><td>3.00pm-3.45pm<\/td><td>3.00am-3.45am(June 27)<\/td><td>9.00pm-9.45pm<\/td><td><strong>Short presentations of posters<\/strong><br>(Chair: Elias Tsakas)<br>on Zoom<\/td><td class=\"has-text-align-left\" data-align=\"left\"><strong>Attainable Knowledge and Omniscience<\/strong><br>(Pavel Naumov and Jia Tao)<br><br><strong>Epistemic Modality and Coordination under Uncertainty<\/strong><br>(Giorgio Sbardolini)<br><br><strong>Are the Players in an Interactive Belief Model Meta-certain of the Model Itself?<\/strong><br>(Satoshi Fukuda)<br><br><strong>Belief Inducibility and Informativeness<\/strong><br>(P. Jean-Jacques Herings, Dominik Karos and Toygar Kerman)<br><br><strong>A Recursive Measure of Voting Power that Satisfies Reasonable Postulates<\/strong><br>(Arash Abizadeh and Adrian Vetta)<br><br><strong>Failures of Contingent Thinking<\/strong><br>(Evan Piermont and Peio Zuazo-Garin)<br><br><strong>De re updates<\/strong><br>(Michael Cohen, Wen Tang and Yanjing Wang)<\/td><\/tr><tr><td class=\"has-text-align-left\" data-align=\"left\">8.00pm-9.00pm<\/td><td>4.00pm-5.00pm<\/td><td>4.00am-5.00am(June 27)<\/td><td>10.00pm-11.00pm<\/td><td><strong><strong>Poster session<\/strong><\/strong><br>on gather.town<\/td><td class=\"has-text-align-left\" data-align=\"left\"><\/td><\/tr><\/tbody><\/table><\/figure>\n\n\n\n<hr class=\"wp-block-separator\"\/>\n\n\n\n<h5><strong>Sunday June 27<\/strong><\/h5>\n\n\n\n<figure class=\"wp-block-table\"><table class=\"has-subtle-pale-pink-background-color has-background\"><tbody><tr><td class=\"has-text-align-left\" data-align=\"left\">UTC<\/td><td>EDT<\/td><td>CST<\/td><td>CEST<\/td><td><\/td><td class=\"has-text-align-left\" data-align=\"left\"><\/td><\/tr><tr><td class=\"has-text-align-left\" data-align=\"left\">0.00am-0.45am<\/td><td>8.00pm-8.45pm(June 26)<\/td><td>8.00am-8.45am<\/td><td>2.00am-2.45am<\/td><td><strong>Short presentations of posters<\/strong><br>(Chair: Eric Pacuit)<br>on Zoom<\/td><td class=\"has-text-align-left\" data-align=\"left\"><strong>Local Dominance<\/strong><br>(Emiliano Catonini and Jingyi Xue)<br><br><strong>Algorithmic randomness, Bayesian convergence and merging<\/strong><br>(Simon Huttegger, Sean Walsh and Francesca Zaffora Blando)<br><br><strong>Understanding Transfinite Elimination of Non-Best Replies<\/strong><br>(Stephan Jagau)<br><br><strong>Measuring Violations of Positive Involvement in Voting<\/strong><br>(Wesley Holliday and Eric Pacuit)<br><br><strong>Language-based Decisions<\/strong><br>(Adam Bjorndahl and Joseph Halpern)<br><br><strong>A Deontic Stit Logic Based on Beliefs and Expected Utility<\/strong><br>(Aldo Iv\u00e1n Ram\u00edrez Abarca and Jan Broersen)<br><br><strong>Reasoning about Emergence of Collective Memory<\/strong><br>(R. Ramanujam)<\/td><\/tr><tr><td class=\"has-text-align-left\" data-align=\"left\">1.00am-2.00am<\/td><td>9.00pm-10.00pm(June 26)<\/td><td>9.00am-10.00am<\/td><td>3.00am-4.00am<\/td><td><strong><strong>Poster session<\/strong><\/strong><br>on gather.town<\/td><td class=\"has-text-align-left\" data-align=\"left\"><\/td><\/tr><tr><td class=\"has-text-align-left\" data-align=\"left\">10.00am-10.45am<\/td><td>6.00am-6.45am<\/td><td>6.00pm-6.45pm<\/td><td>12.00pm-12.45pm<\/td><td><strong>Short presentations of posters<\/strong><br>(Chair:&nbsp; Olivier Roy)<br>on Zoom<\/td><td class=\"has-text-align-left\" data-align=\"left\"><strong>Knowing how to plan<\/strong><br>(Yanjun Li and Yanjing Wang)<br><br><strong>Belief Inducibility and Informativeness<\/strong><br>(P. Jean-Jacques Herings, Dominik Karos and Toygar Kerman)<br><br><strong>A Recursive Measure of Voting Power that Satisfies Reasonable Postulates<\/strong><br>(Arash Abizadeh and Adrian Vetta)<br><br><strong>Failures of Contingent Thinking<\/strong><br>(Evan Piermont and Peio Zuazo-Garin)<br><br><strong>De re updates<\/strong><br>(Michael Cohen, Wen Tang and Yanjing Wang)<br><br><strong>Collective Argumentation: The Case of Aggregating Support-Relations of Bipolar Argumentation Frameworks<\/strong><br>(Weiwei Chen)<br><br><strong>No Finite Model Property for Logics of Quantified Announcements<\/strong><br>(Hans van Ditmarsch, Tim French and Rustam Galimullin)<\/td><\/tr><tr><td class=\"has-text-align-left\" data-align=\"left\">11.00am-12.00pm<\/td><td>7.00am-8.00am<\/td><td>7.00pm-8.00pm<\/td><td>1.00pm-2.00pm<\/td><td><strong><strong>Poster session<\/strong><\/strong><br>on gather.town<\/td><td class=\"has-text-align-left\" data-align=\"left\"><\/td><\/tr><tr><td class=\"has-text-align-left\" data-align=\"left\">12.00pm-1.00pm<\/td><td>8.00am-9.00am<\/td><td>8.00pm-9.00pm<\/td><td>2.00pm-3.00pm<\/td><td><strong>Hangout session <\/strong><br>on gather.town<\/td><td class=\"has-text-align-left\" data-align=\"left\"><\/td><\/tr><tr><td class=\"has-text-align-left\" data-align=\"left\">1.00pm-2.00pm<\/td><td>9.00am-10.00am<\/td><td>9.00pm-10.00pm<\/td><td>3.00pm-4.00pm<\/td><td><strong>Invited talk<\/strong><br>(Chair: Silvia Milano)<br>on Zoom<\/td><td class=\"has-text-align-left\" data-align=\"left\"><strong>Rationality and the Anticipation of Awareness Growth<\/strong><br>(Katie Steele)<\/td><\/tr><tr><td class=\"has-text-align-left\" data-align=\"left\">4.00pm-5.00pm<\/td><td>12.00pm-1.00pm<\/td><td>0.00am-1.00am(June 27)<\/td><td>6.00pm-7.00pm<\/td><td><strong>Invited talk <br><\/strong>\uff08Chair: Joe Halpern\uff09<br>on Zoom<\/td><td class=\"has-text-align-left\" data-align=\"left\"><strong>Democracy and the pursuit of randomness<\/strong><br>(Ariel Procaccia)<br><\/td><\/tr><tr><td class=\"has-text-align-left\" data-align=\"left\">5.15pm-6.00pm<\/td><td>1.15pm-2.00pm<\/td><td>1.15am-2.00am(June 28)<\/td><td>7.15pm-8.00pm<\/td><td><strong>Rump session <\/strong><br>(Chair: Joe Halpern)<br>on Zoom<\/td><td class=\"has-text-align-left\" data-align=\"left\"><strong>Topological Negligibility \u2013 Connections to Default Reasoning<\/strong><br>(Adam Bjornadahl)<br><br><strong>Awareness Logic: Kripke Lattices as a Middle Ground between Syntactic and Semantic Models<\/strong><br>(Gaia Belardinelli)<br><br><strong>Revealed Conditional Preferences<\/strong><br>(Stephan Jagau)<br><br><strong>The Existence of Universal Qualitative Belief Spaces<\/strong><br>(Satoshi Fukuda)<br><br><strong>I&#8217;m Mistaken: How Logically Omniscient Perfect Introspectors Can Consistently Believe They Have False Beliefs (Hint: Unawareness)<\/strong><br>(Jeremy Goodman)<br><br><strong>Intertemporal Judgment Aggregation<\/strong><br>(Franz Deitrich)<br><br><strong>Conditional Probabilities as Probabilities of Indicative Conditionals<\/strong><br>(Wai Lok Cheung)<br><br><strong>A Foundation for Expected Utility in Decision Problems and Games<\/strong><br>(Andr\u00e9s Perea)<\/td><\/tr><tr><td class=\"has-text-align-left\" data-align=\"left\">6.00pm-7.00pm<\/td><td>2.00pm-3.00pm<\/td><td>2.00am-3.00am(June 28)<\/td><td>8.00pm-9.00pm<\/td><td><strong>Hangout session<\/strong><br>on gather.town<\/td><td class=\"has-text-align-left\" data-align=\"left\"><\/td><\/tr><tr><td class=\"has-text-align-left\" data-align=\"left\">7.00pm-7.45pm<\/td><td>3.00pm-3.45pm<\/td><td>3.00am-3.45am(June 28)<\/td><td>9.00pm-9.45pm<\/td><td><strong>Short presentations of posters<\/strong><br>(Chair: Yoram Moses)<br>on Zoom<\/td><td class=\"has-text-align-left\" data-align=\"left\"><strong>Deliberation and Epistemic Democracy<\/strong><br>(Huihui Ding and Marcus Pivato)<br><br><strong>Persuading Communicating Voters<\/strong><br>(Anastas Tenev and Toygar Kerman)<br><br><strong>Communication Pattern Models: an Extension of Action Models for Dynamic-Network Distributed Systems<\/strong><br>(Diego A. Vel\u00e1zquez, Armando Casta\u00f1eda and David A. Rosenblueth)<br><br><strong>Well-founded Extensive Games with Perfect Information<\/strong><br>(Krzysztof Apt and Sunil Simon)<br><br><strong>Uncertainty-Based Semantics for Multi-Agent Knowing How Logics<\/strong><br>(Carlos Areces, Raul Fervari, Andr\u00e9s R. Saravia and Fernando R. Vel\u00e1zquez-Quesada)<br><br><strong>Game-Theoretic Models of Moral and Other-Regarding Agents<\/strong><br>(Gabriel Istrate)<br><br><strong>An Awareness Epistemic Framework for Belief, Argumentation and Their Dynamics<\/strong><br>(Alfredo Burrieza and Antonio Yuste-Ginel)<br><br><strong>Probabilistic stability and statistical learning<\/strong><br>(Krzysztof Mierzewski)<\/td><\/tr><tr><td class=\"has-text-align-left\" data-align=\"left\">8.00pm-9.00pm<\/td><td>4.00pm-5.00pm<\/td><td>4.00am-5.00am(June 28)<\/td><td>10.00pm-11.00pm<\/td><td><strong><strong>Poster session<\/strong><\/strong><br>on gather.town<\/td><td class=\"has-text-align-left\" data-align=\"left\"><\/td><\/tr><\/tbody><\/table><\/figure>\n","protected":false},"excerpt":{"rendered":"<p>Note that UTC is for Coordinated Universal Time EDT is  [&hellip;]<\/p>\n","protected":false},"author":1,"featured_media":0,"parent":0,"menu_order":0,"comment_status":"closed","ping_status":"closed","template":"","meta":[],"_links":{"self":[{"href":"https:\/\/tsinghualogic.net\/JRC\/wp-json\/wp\/v2\/pages\/2063"}],"collection":[{"href":"https:\/\/tsinghualogic.net\/JRC\/wp-json\/wp\/v2\/pages"}],"about":[{"href":"https:\/\/tsinghualogic.net\/JRC\/wp-json\/wp\/v2\/types\/page"}],"author":[{"embeddable":true,"href":"https:\/\/tsinghualogic.net\/JRC\/wp-json\/wp\/v2\/users\/1"}],"replies":[{"embeddable":true,"href":"https:\/\/tsinghualogic.net\/JRC\/wp-json\/wp\/v2\/comments?post=2063"}],"version-history":[{"count":24,"href":"https:\/\/tsinghualogic.net\/JRC\/wp-json\/wp\/v2\/pages\/2063\/revisions"}],"predecessor-version":[{"id":3514,"href":"https:\/\/tsinghualogic.net\/JRC\/wp-json\/wp\/v2\/pages\/2063\/revisions\/3514"}],"wp:attachment":[{"href":"https:\/\/tsinghualogic.net\/JRC\/wp-json\/wp\/v2\/media?parent=2063"}],"curies":[{"name":"wp","href":"https:\/\/api.w.org\/{rel}","templated":true}]}}