{"id":8821,"date":"2025-12-10T22:26:48","date_gmt":"2025-12-10T14:26:48","guid":{"rendered":"https:\/\/tsinghualogic.net\/JRC\/?page_id=8821"},"modified":"2025-12-10T22:28:27","modified_gmt":"2025-12-10T14:28:27","slug":"zheng-gang-fellows-aybuke-ozgun","status":"publish","type":"page","link":"https:\/\/tsinghualogic.net\/JRC\/zheng-gang-fellows-aybuke-ozgun\/","title":{"rendered":"Zheng Gang Fellows: Ayb\u00fcke \u00d6zg\u00fcn"},"content":{"rendered":"\t\t<div data-elementor-type=\"wp-page\" data-elementor-id=\"8821\" class=\"elementor elementor-8821\" data-elementor-settings=\"[]\">\n\t\t\t\t\t\t\t<div class=\"elementor-section-wrap\">\n\t\t\t\t\t\t\t<section class=\"elementor-section elementor-top-section elementor-element elementor-element-e86c190 elementor-section-boxed elementor-section-height-default elementor-section-height-default\" data-id=\"e86c190\" data-element_type=\"section\">\n\t\t\t\t\t\t<div class=\"elementor-container elementor-column-gap-default\">\n\t\t\t\t\t<div class=\"elementor-column elementor-col-100 elementor-top-column elementor-element elementor-element-70791c3\" data-id=\"70791c3\" data-element_type=\"column\">\n\t\t\t<div class=\"elementor-widget-wrap elementor-element-populated\">\n\t\t\t\t\t\t\t\t<div class=\"elementor-element elementor-element-40d35f40 elementor-widget elementor-widget-text-editor\" data-id=\"40d35f40\" data-element_type=\"widget\" data-widget_type=\"text-editor.default\">\n\t\t\t\t<div class=\"elementor-widget-container\">\n\t\t\t<style>\/*! elementor - v3.5.6 - 28-02-2022 *\/\n.elementor-widget-text-editor.elementor-drop-cap-view-stacked .elementor-drop-cap{background-color:#818a91;color:#fff}.elementor-widget-text-editor.elementor-drop-cap-view-framed .elementor-drop-cap{color:#818a91;border:3px solid;background-color:transparent}.elementor-widget-text-editor:not(.elementor-drop-cap-view-default) .elementor-drop-cap{margin-top:8px}.elementor-widget-text-editor:not(.elementor-drop-cap-view-default) .elementor-drop-cap-letter{width:1em;height:1em}.elementor-widget-text-editor .elementor-drop-cap{float:left;text-align:center;line-height:1;font-size:50px}.elementor-widget-text-editor .elementor-drop-cap-letter{display:inline-block}<\/style>\t\t\t\t<!-- wp:image {\"align\":\"left\",\"id\":8812,\"width\":-376,\"height\":-496,\"sizeSlug\":\"full\",\"linkDestination\":\"none\"} -->\n<figure class=\"wp-block-image alignleft size-full is-resized\"><img decoding=\"async\" loading=\"lazy\" class=\"wp-image-8812 alignnone\" src=\"http:\/\/tsinghualogic.net\/JRC\/wp-content\/uploads\/2025\/12\/Ab-4.png\" alt=\"\" width=\"139\" height=\"183\" srcset=\"https:\/\/tsinghualogic.net\/JRC\/wp-content\/uploads\/2025\/12\/Ab-4.png 606w, https:\/\/tsinghualogic.net\/JRC\/wp-content\/uploads\/2025\/12\/Ab-4-152x200.png 152w\" sizes=\"(max-width: 139px) 100vw, 139px\" \/>\n<figcaption class=\"wp-element-caption\">Ayb\u00fcke \u00d6zg\u00fcn<\/figcaption>\n<\/figure>\n<!-- \/wp:image --><!-- wp:paragraph -->\n<p><strong>Homepage<\/strong>:\u00a0<a href=\"https:\/\/sites.google.com\/site\/ozgunaybuke\/home\">https:\/\/sites.google.com\/site\/ozgunaybuke\/home<\/a><\/p>\n<!-- \/wp:paragraph --><!-- wp:paragraph -->\n<p><strong>Fellows Class<\/strong>: 2025<\/p>\n<!-- \/wp:paragraph --><!-- wp:paragraph -->\n<p><strong>Personal Resume<\/strong>: <span class=\"C9DxTc \">M<\/span><span class=\"C9DxTc \">y\u00a0 work lies at the intersection of formal epistemology and philosophical logic. I am particualrly interested in<\/span><span class=\"C9DxTc \">\u00a0(1) logics and quantitative formalisms combining notions of evidence, knowledge, and belief; (2) hyperintentional logics for representational propositional attitudes; (3) logics of reality oriented imagination; (4)\u00a0<\/span><span class=\"C9DxTc \">the epistemology &amp; logics of conditionals.<\/span><span class=\"C9DxTc \">\u00a0<\/span><span class=\"C9DxTc \">Lately<\/span><span class=\"C9DxTc \">, thanks to my brilliant master and PhD students, I have also been thinking about logics of intention and social aspects of evidence sharing.<\/span><\/p>\n<!-- \/wp:paragraph -->\t\t\t\t\t\t<\/div>\n\t\t\t\t<\/div>\n\t\t\t\t\t<\/div>\n\t\t<\/div>\n\t\t\t\t\t\t\t<\/div>\n\t\t<\/section>\n\t\t\t\t\t\t<\/div>\n\t\t\t\t\t<\/div>\n\t\t","protected":false},"excerpt":{"rendered":"<p>Homepage:\u00a0https:\/\/sites.google.com\/site\/ozgunaybuke\/hom [&hellip;]<\/p>\n","protected":false},"author":1,"featured_media":0,"parent":0,"menu_order":0,"comment_status":"closed","ping_status":"closed","template":"","meta":[],"_links":{"self":[{"href":"https:\/\/tsinghualogic.net\/JRC\/wp-json\/wp\/v2\/pages\/8821"}],"collection":[{"href":"https:\/\/tsinghualogic.net\/JRC\/wp-json\/wp\/v2\/pages"}],"about":[{"href":"https:\/\/tsinghualogic.net\/JRC\/wp-json\/wp\/v2\/types\/page"}],"author":[{"embeddable":true,"href":"https:\/\/tsinghualogic.net\/JRC\/wp-json\/wp\/v2\/users\/1"}],"replies":[{"embeddable":true,"href":"https:\/\/tsinghualogic.net\/JRC\/wp-json\/wp\/v2\/comments?post=8821"}],"version-history":[{"count":4,"href":"https:\/\/tsinghualogic.net\/JRC\/wp-json\/wp\/v2\/pages\/8821\/revisions"}],"predecessor-version":[{"id":8829,"href":"https:\/\/tsinghualogic.net\/JRC\/wp-json\/wp\/v2\/pages\/8821\/revisions\/8829"}],"wp:attachment":[{"href":"https:\/\/tsinghualogic.net\/JRC\/wp-json\/wp\/v2\/media?parent=8821"}],"curies":[{"name":"wp","href":"https:\/\/api.w.org\/{rel}","templated":true}]}}