{"id":91,"date":"2014-12-03T16:10:35","date_gmt":"2014-12-03T08:10:35","guid":{"rendered":"http:\/\/tsinghualogic.net\/JRC\/?page_id=91"},"modified":"2026-02-08T13:07:02","modified_gmt":"2026-02-08T05:07:02","slug":"advisory-board","status":"publish","type":"page","link":"https:\/\/tsinghualogic.net\/JRC\/people\/advisory-board\/","title":{"rendered":"Advisory Board"},"content":{"rendered":"<h2><strong>Advisory Board (2019-2025) \uff1a<\/strong><\/h2>\n<ul>\n<li><a href=\"http:\/\/www0.cs.ucl.ac.uk\/people\/S.Abramsky.html\">Samson Abramsky<\/a> (University College London, UK)<\/li>\n<li><a href=\"http:\/\/sartemov.ws.gc.cuny.edu\/\">Sergei Artemov<\/a> (The Graduate Center, CUNY, USA)<\/li>\n<li><a href=\"http:\/\/www.mi-ras.ru\/~bekl\/\">Lev Beklemishev<\/a> (Russian Academy of Sciences)<\/li>\n<li>\u9648\u6ce2 Chen\u00a0Bo (Wuhan University, China)<\/li>\n<li><a href=\"http:\/\/www.philo.ecnu.edu.cn\/s\/169\/t\/189\/53\/39\/info21305.htm\" target=\"_blank\" rel=\"noopener\">\u51af\u68c9 Feng\u00a0Mian<\/a> (Huadong Normal University, China)<\/li>\n<li><a href=\"https:\/\/people.kth.se\/~soh\/\">Sven Ove Hansson<\/a> (Royal Institute of Technology, Sweden)<\/li>\n<li>\u4f55\u5411\u4e1c He Xiangdong (South West University, China)<\/li>\n<li><a href=\"http:\/\/www.vince-inc.com\/vincent\/\">Vincent Hendricks<\/a> (University of Copenhagen, Denmark)<\/li>\n<li><a href=\"https:\/\/www.irit.fr\/~Andreas.Herzig\/\">Andreas\u00a0Herzig<\/a> (CNRS, Univ. Toulouse)<\/li>\n<li><a href=\"http:\/\/mypage.zju.edu.cn\/rw211\">\u9ec4\u534e\u65b0 Huang Huaxin<\/a>\u00a0(Zhejiang University, China)<\/li>\n<li><a href=\"http:\/\/logic.sysu.edu.cn\/faculty\/jushier\/1069.html\">\u97a0\u5b9e\u513f Ju Shier <\/a>(Sun Yat-sen University, China)<\/li>\n<li><a href=\"http:\/\/www.andrew.cmu.edu\/user\/kk3n\/homepage\/kelly.html\">Kevin Kelly<\/a> (Carnegie Mellon University, USA)<\/li>\n<li><a href=\"https:\/\/www.lamsade.dauphine.fr\/~lang\/\">J\u00e9r\u00f4me Lang<\/a> (Universit\u00e9 Paris-Dauphine, France)<\/li>\n<li><a href=\"http:\/\/www.philosophie.uni-muenchen.de\/lehreinheiten\/logik_sprachphil\/personen\/hannes_leitgeb\/index.html\">Hannes Leitgeb<\/a> (Ludwig-Maximilians-Universit\u00e4t M\u00fcnchen, Germany)<\/li>\n<li><a href=\"http:\/\/www.home.umk.pl\/~jacekm\/\">Jacek Malinowski<\/a> (Polish Academy of Sciences)<\/li>\n<li><a href=\"http:\/\/www.indiana.edu\/~iulg\/moss\/\">Larry Moss<\/a> (Indiana University, USA)<\/li>\n<li><a href=\"http:\/\/www.jaist.ac.jp\/is\/labs\/ono-ishihara-lab\/ono-lab\/index.html\">Hiroakira Ono<\/a> (JAIST, Japan)<\/li>\n<li><a href=\"http:\/\/philosophy.stanford.edu\/profile\/John+Perry\/\">John Perry <\/a>(Stanford University, USA)<\/li>\n<li><a href=\"http:\/\/www.institutnicod.org\/membres\/membres-permanents\/recanati-francois\/?lang=en\">Francois Recanati <\/a>(Institut Jean-Nicod,\u00a0France)<\/li>\n<li><a href=\"http:\/\/www.ruhr-uni-bochum.de\/philosophy\/logic\/index.html.de\">Heinrich Wansing<\/a> (RUHR-University Bochum, Germany)<\/li>\n<li><a href=\"http:\/\/www.flov.gu.se\/om\/personal\/dag-westerstahl\/\">Dag Westerstahl\u00a0<\/a>(Stockholm University, Sweden)<\/li>\n<li><a href=\"http:\/\/www.cs.ox.ac.uk\/people\/michael.wooldridge\/\">Michael Wooldridge<\/a> (The University of Oxford, UK)<\/li>\n<li><a href=\"http:\/\/www.math.helsinki.fi\/logic\/people\/jouko.vaananen\/\">Jouko\u00a0 V\u00e4\u00e4n\u00e4nen<\/a> (University of Helsinki, Finland)<\/li>\n<li><a href=\"http:\/\/philo.nju.edu.cn\/show.php?id=251\">\u5f20\u5efa\u519b Zhang Jianjun<\/a>\u00a0(Nanjing University, China)<\/li>\n<li>\u5468\u5317\u6d77 Zhou Beihai (Shanxi University, China)<\/li>\n<li>\u90b9\u5d07\u7406 Zou Chongli (Chinese Academy of Social Sciences, China)<\/li>\n<\/ul>\n<h2><strong>Advisory Board (<a href=\"http:\/\/tsinghualogic.net\/JRC\/wp-content\/uploads\/2019\/04\/2014-2018-advisory-board.pdf\">2014-2018<\/a>)\u00a0<\/strong><\/h2>\n<div><\/div>\n","protected":false},"excerpt":{"rendered":"<p>Advisory Board (2019-2025) \uff1a Samson Abramsky (Universit [&hellip;]<\/p>\n","protected":false},"author":1,"featured_media":0,"parent":24,"menu_order":0,"comment_status":"closed","ping_status":"closed","template":"","meta":[],"_links":{"self":[{"href":"https:\/\/tsinghualogic.net\/JRC\/wp-json\/wp\/v2\/pages\/91"}],"collection":[{"href":"https:\/\/tsinghualogic.net\/JRC\/wp-json\/wp\/v2\/pages"}],"about":[{"href":"https:\/\/tsinghualogic.net\/JRC\/wp-json\/wp\/v2\/types\/page"}],"author":[{"embeddable":true,"href":"https:\/\/tsinghualogic.net\/JRC\/wp-json\/wp\/v2\/users\/1"}],"replies":[{"embeddable":true,"href":"https:\/\/tsinghualogic.net\/JRC\/wp-json\/wp\/v2\/comments?post=91"}],"version-history":[{"count":10,"href":"https:\/\/tsinghualogic.net\/JRC\/wp-json\/wp\/v2\/pages\/91\/revisions"}],"predecessor-version":[{"id":9222,"href":"https:\/\/tsinghualogic.net\/JRC\/wp-json\/wp\/v2\/pages\/91\/revisions\/9222"}],"up":[{"embeddable":true,"href":"https:\/\/tsinghualogic.net\/JRC\/wp-json\/wp\/v2\/pages\/24"}],"wp:attachment":[{"href":"https:\/\/tsinghualogic.net\/JRC\/wp-json\/wp\/v2\/media?parent=91"}],"curies":[{"name":"wp","href":"https:\/\/api.w.org\/{rel}","templated":true}]}}